{"id":319,"date":"2017-06-17T00:34:45","date_gmt":"2017-06-17T05:34:45","guid":{"rendered":"https:\/\/misiondeamor.com.mx\/tienda\/producto\/meditacion-y-ejercicio-espiritual-taller-de-oracion-y-meditacion-23\/"},"modified":"2019-08-21T10:21:45","modified_gmt":"2019-08-21T15:21:45","slug":"meditacion-y-ejercicio-espiritual-taller-de-oracion-y-meditacion-23","status":"publish","type":"product","link":"https:\/\/misiondeamor.com.mx\/tienda\/producto\/meditacion-y-ejercicio-espiritual-taller-de-oracion-y-meditacion-23\/","title":{"rendered":"Meditaci\u00f3n guiada y ejercicios espiritual-Taller de oraci\u00f3n y meditaci\u00f3n (2\/3)"},"content":{"rendered":"<p>Grabaciones para guiar de forma sencilla el\u00a0contacto con nuestro Se\u00f1or, inclusive en los momentos de\u00a0conflicto\u00a0que tanta falta nos hace para encontrar el camino, la verdad y la vida que viene del Amor.<\/p>\n<ol>\n<li><strong>Deja de Juzgar, Ejercicio Espiritual<\/strong><\/li>\n<li><strong>Ni\u00e9gate a ti mismo, Ejercicio Espiritual<\/strong><\/li>\n<li><strong>Resucitar en el Amor, Meditaci\u00f3n Guiada<\/strong><\/li>\n<\/ol>\n","protected":false},"excerpt":{"rendered":"<p>Titulo 2 de la colecci\u00f3n,\u00a0en MP3, del<strong>\u00a0taller de meditaci\u00f3n y oraci\u00f3n.\u00a0<\/strong>Para guiar de forma sencilla al\u00a0contacto con nuestro Se\u00f1or.<\/p>\n<p><span style=\"color: #ff0000;\">En D\u00f3lares Americanos: USD$ [convert number=60.00 from=\"mxn\" to=\"usd\"]<\/span><br \/>\n<span style=\"color: #ff0000;\">En Euros: EUR \u20ac [convert number=60.00 from=\"mxn\" to=\"eur\"]<\/span><\/p>\n<p><a href=\"http:\/\/tienda.misiondeamor.com.mx\/wp-content\/uploads\/2017\/06\/tarjeta-y-deposito.png\"><img loading=\"lazy\" decoding=\"async\" class=\"alignnone size-medium wp-image-450\" src=\"http:\/\/tienda.misiondeamor.com.mx\/wp-content\/uploads\/2017\/06\/tarjeta-y-deposito-300x84.png\" alt=\"\" width=\"300\" height=\"84\" \/><\/a><\/p>\n","protected":false},"featured_media":3997,"comment_status":"open","ping_status":"closed","template":"","meta":{"om_disable_all_campaigns":false,"_monsterinsights_skip_tracking":false,"_monsterinsights_sitenote_active":false,"_monsterinsights_sitenote_note":"","_monsterinsights_sitenote_category":0,"_uf_show_specific_survey":0,"_uf_disable_surveys":false},"product_brand":[],"product_cat":[27,128],"product_tag":[34,35],"class_list":{"0":"post-319","1":"product","2":"type-product","3":"status-publish","4":"has-post-thumbnail","6":"product_cat-grabaciones","7":"product_cat-taller-de-oracion-y-meditacion","8":"product_tag-grabaciones","9":"product_tag-grabaciones-meditacion","11":"first","12":"instock","13":"downloadable","14":"virtual","15":"sold-individually","16":"purchasable","17":"product-type-simple"},"wppr_data":[],"yoast_head":"<!-- This site is optimized with the Yoast SEO plugin v26.1.1 - https:\/\/yoast.com\/wordpress\/plugins\/seo\/ -->\n<title>Meditaci\u00f3n guiada y ejercicios espiritual-Taller de oraci\u00f3n y meditaci\u00f3n (2\/3) - Tienda en Mision de Amor<\/title>\n<meta name=\"robots\" content=\"index, follow, max-snippet:-1, max-image-preview:large, max-video-preview:-1\" \/>\n<link rel=\"canonical\" href=\"https:\/\/misiondeamor.com.mx\/tienda\/producto\/meditacion-y-ejercicio-espiritual-taller-de-oracion-y-meditacion-23\/\" \/>\n<meta property=\"og:locale\" content=\"es_ES\" \/>\n<meta property=\"og:type\" content=\"article\" \/>\n<meta property=\"og:title\" content=\"Meditaci\u00f3n guiada y ejercicios espiritual-Taller de oraci\u00f3n y meditaci\u00f3n (2\/3) - Tienda en Mision de Amor\" \/>\n<meta property=\"og:description\" content=\"Titulo 2 de la colecci\u00f3n,\u00a0en MP3, del\u00a0taller de meditaci\u00f3n y oraci\u00f3n.\u00a0Para guiar de forma sencilla al\u00a0contacto con nuestro Se\u00f1or.  En D\u00f3lares Americanos: USD$  En Euros: EUR \u20ac\" \/>\n<meta property=\"og:url\" content=\"https:\/\/misiondeamor.com.mx\/tienda\/producto\/meditacion-y-ejercicio-espiritual-taller-de-oracion-y-meditacion-23\/\" \/>\n<meta property=\"og:site_name\" content=\"Tienda en Mision de Amor\" \/>\n<meta property=\"article:publisher\" content=\"https:\/\/www.facebook.com\/tiendademision\" \/>\n<meta property=\"article:modified_time\" content=\"2019-08-21T15:21:45+00:00\" \/>\n<meta property=\"og:image\" content=\"https:\/\/misiondeamor.com.mx\/tienda\/wp-content\/uploads\/2017\/06\/Meditaci\u00f3n-y-ejercicio-espiritual-Taller-de-oraci\u00f3n-y-meditaci\u00f3n-2-3-e1566328641790.jpg\" \/>\n\t<meta property=\"og:image:width\" content=\"640\" \/>\n\t<meta property=\"og:image:height\" content=\"640\" \/>\n\t<meta property=\"og:image:type\" content=\"image\/jpeg\" \/>\n<meta name=\"twitter:card\" content=\"summary_large_image\" \/>\n<meta name=\"twitter:site\" content=\"@misiondeamormx2\" \/>\n<!-- \/ Yoast SEO plugin. -->","yoast_head_json":{"title":"Meditaci\u00f3n guiada y ejercicios espiritual-Taller de oraci\u00f3n y meditaci\u00f3n (2\/3) - Tienda en Mision de Amor","robots":{"index":"index","follow":"follow","max-snippet":"max-snippet:-1","max-image-preview":"max-image-preview:large","max-video-preview":"max-video-preview:-1"},"canonical":"https:\/\/misiondeamor.com.mx\/tienda\/producto\/meditacion-y-ejercicio-espiritual-taller-de-oracion-y-meditacion-23\/","og_locale":"es_ES","og_type":"article","og_title":"Meditaci\u00f3n guiada y ejercicios espiritual-Taller de oraci\u00f3n y meditaci\u00f3n (2\/3) - Tienda en Mision de Amor","og_description":"Titulo 2 de la colecci\u00f3n,\u00a0en MP3, del\u00a0taller de meditaci\u00f3n y oraci\u00f3n.\u00a0Para guiar de forma sencilla al\u00a0contacto con nuestro Se\u00f1or.  En D\u00f3lares Americanos: USD$  En Euros: EUR \u20ac","og_url":"https:\/\/misiondeamor.com.mx\/tienda\/producto\/meditacion-y-ejercicio-espiritual-taller-de-oracion-y-meditacion-23\/","og_site_name":"Tienda en Mision de Amor","article_publisher":"https:\/\/www.facebook.com\/tiendademision","article_modified_time":"2019-08-21T15:21:45+00:00","og_image":[{"width":640,"height":640,"url":"https:\/\/misiondeamor.com.mx\/tienda\/wp-content\/uploads\/2017\/06\/Meditaci\u00f3n-y-ejercicio-espiritual-Taller-de-oraci\u00f3n-y-meditaci\u00f3n-2-3-e1566328641790.jpg","type":"image\/jpeg"}],"twitter_card":"summary_large_image","twitter_site":"@misiondeamormx2","schema":{"@context":"https:\/\/schema.org","@graph":[{"@type":"WebPage","@id":"https:\/\/misiondeamor.com.mx\/tienda\/producto\/meditacion-y-ejercicio-espiritual-taller-de-oracion-y-meditacion-23\/","url":"https:\/\/misiondeamor.com.mx\/tienda\/producto\/meditacion-y-ejercicio-espiritual-taller-de-oracion-y-meditacion-23\/","name":"Meditaci\u00f3n guiada y ejercicios espiritual-Taller de oraci\u00f3n y meditaci\u00f3n (2\/3) - Tienda en Mision de Amor","isPartOf":{"@id":"https:\/\/misiondeamor.com.mx\/tienda\/#website"},"primaryImageOfPage":{"@id":"https:\/\/misiondeamor.com.mx\/tienda\/producto\/meditacion-y-ejercicio-espiritual-taller-de-oracion-y-meditacion-23\/#primaryimage"},"image":{"@id":"https:\/\/misiondeamor.com.mx\/tienda\/producto\/meditacion-y-ejercicio-espiritual-taller-de-oracion-y-meditacion-23\/#primaryimage"},"thumbnailUrl":"https:\/\/misiondeamor.com.mx\/tienda\/wp-content\/uploads\/2017\/06\/Meditaci\u00f3n-y-ejercicio-espiritual-Taller-de-oraci\u00f3n-y-meditaci\u00f3n-2-3-e1566328641790.jpg","datePublished":"2017-06-17T05:34:45+00:00","dateModified":"2019-08-21T15:21:45+00:00","breadcrumb":{"@id":"https:\/\/misiondeamor.com.mx\/tienda\/producto\/meditacion-y-ejercicio-espiritual-taller-de-oracion-y-meditacion-23\/#breadcrumb"},"inLanguage":"es","potentialAction":[{"@type":"ReadAction","target":["https:\/\/misiondeamor.com.mx\/tienda\/producto\/meditacion-y-ejercicio-espiritual-taller-de-oracion-y-meditacion-23\/"]}]},{"@type":"ImageObject","inLanguage":"es","@id":"https:\/\/misiondeamor.com.mx\/tienda\/producto\/meditacion-y-ejercicio-espiritual-taller-de-oracion-y-meditacion-23\/#primaryimage","url":"https:\/\/misiondeamor.com.mx\/tienda\/wp-content\/uploads\/2017\/06\/Meditaci\u00f3n-y-ejercicio-espiritual-Taller-de-oraci\u00f3n-y-meditaci\u00f3n-2-3-e1566328641790.jpg","contentUrl":"https:\/\/misiondeamor.com.mx\/tienda\/wp-content\/uploads\/2017\/06\/Meditaci\u00f3n-y-ejercicio-espiritual-Taller-de-oraci\u00f3n-y-meditaci\u00f3n-2-3-e1566328641790.jpg","width":640,"height":640},{"@type":"BreadcrumbList","@id":"https:\/\/misiondeamor.com.mx\/tienda\/producto\/meditacion-y-ejercicio-espiritual-taller-de-oracion-y-meditacion-23\/#breadcrumb","itemListElement":[{"@type":"ListItem","position":1,"name":"Portada","item":"https:\/\/misiondeamor.com.mx\/tienda\/"},{"@type":"ListItem","position":2,"name":"Publicaciones","item":"https:\/\/misiondeamor.com.mx\/tienda\/"},{"@type":"ListItem","position":3,"name":"Meditaci\u00f3n guiada y ejercicios espiritual-Taller de oraci\u00f3n y meditaci\u00f3n (2\/3)"}]},{"@type":"WebSite","@id":"https:\/\/misiondeamor.com.mx\/tienda\/#website","url":"https:\/\/misiondeamor.com.mx\/tienda\/","name":"Tienda en Mision de Amor","description":"Productos y servicios en Misi\u00f3n de Amor","publisher":{"@id":"https:\/\/misiondeamor.com.mx\/tienda\/#organization"},"potentialAction":[{"@type":"SearchAction","target":{"@type":"EntryPoint","urlTemplate":"https:\/\/misiondeamor.com.mx\/tienda\/?s={search_term_string}"},"query-input":{"@type":"PropertyValueSpecification","valueRequired":true,"valueName":"search_term_string"}}],"inLanguage":"es"},{"@type":"Organization","@id":"https:\/\/misiondeamor.com.mx\/tienda\/#organization","name":"Misi\u00f3n de Amor","url":"https:\/\/misiondeamor.com.mx\/tienda\/","logo":{"@type":"ImageObject","inLanguage":"es","@id":"https:\/\/misiondeamor.com.mx\/tienda\/#\/schema\/logo\/image\/","url":"https:\/\/misiondeamor.com.mx\/tienda\/wp-content\/uploads\/2019\/08\/logotienda2019-e1566319984887.png","contentUrl":"https:\/\/misiondeamor.com.mx\/tienda\/wp-content\/uploads\/2019\/08\/logotienda2019-e1566319984887.png","width":150,"height":150,"caption":"Misi\u00f3n de Amor"},"image":{"@id":"https:\/\/misiondeamor.com.mx\/tienda\/#\/schema\/logo\/image\/"},"sameAs":["https:\/\/www.facebook.com\/tiendademision","https:\/\/x.com\/misiondeamormx2","https:\/\/www.youtube.com\/misiondeamormx"]}]}},"amp_enabled":true,"_links":{"self":[{"href":"https:\/\/misiondeamor.com.mx\/tienda\/wp-json\/wp\/v2\/product\/319","targetHints":{"allow":["GET"]}}],"collection":[{"href":"https:\/\/misiondeamor.com.mx\/tienda\/wp-json\/wp\/v2\/product"}],"about":[{"href":"https:\/\/misiondeamor.com.mx\/tienda\/wp-json\/wp\/v2\/types\/product"}],"replies":[{"embeddable":true,"href":"https:\/\/misiondeamor.com.mx\/tienda\/wp-json\/wp\/v2\/comments?post=319"}],"wp:featuredmedia":[{"embeddable":true,"href":"https:\/\/misiondeamor.com.mx\/tienda\/wp-json\/wp\/v2\/media\/3997"}],"wp:attachment":[{"href":"https:\/\/misiondeamor.com.mx\/tienda\/wp-json\/wp\/v2\/media?parent=319"}],"wp:term":[{"taxonomy":"product_brand","embeddable":true,"href":"https:\/\/misiondeamor.com.mx\/tienda\/wp-json\/wp\/v2\/product_brand?post=319"},{"taxonomy":"product_cat","embeddable":true,"href":"https:\/\/misiondeamor.com.mx\/tienda\/wp-json\/wp\/v2\/product_cat?post=319"},{"taxonomy":"product_tag","embeddable":true,"href":"https:\/\/misiondeamor.com.mx\/tienda\/wp-json\/wp\/v2\/product_tag?post=319"}],"curies":[{"name":"wp","href":"https:\/\/api.w.org\/{rel}","templated":true}]}}