{"id":429,"date":"2017-09-02T21:13:25","date_gmt":"2017-09-03T02:13:25","guid":{"rendered":"https:\/\/misiondeamor.com.mx\/tienda\/producto\/modo-de-rezar-el-rosario-para-la-reconciliacion-de-la-pareja\/"},"modified":"2023-06-29T00:44:10","modified_gmt":"2023-06-29T05:44:10","slug":"modo-de-rezar-el-rosario-para-la-reconciliacion-de-la-pareja","status":"publish","type":"product","link":"https:\/\/misiondeamor.com.mx\/tienda\/producto\/modo-de-rezar-el-rosario-para-la-reconciliacion-de-la-pareja\/","title":{"rendered":"Rosarios de reconciliaci\u00f3n de la pareja; Libro PDF y MP3"},"content":{"rendered":"<h2><\/h2>\n<p>Descarga el libro en PDF y la grabaci\u00f3n en MP3 y dale oportunidad de que se exprese el Amor del Esp\u00edritu Santo que te crea, te anima y te gu\u00eda. Ret\u00edrate a la presencia del Se\u00f1or, invocando la intercesi\u00f3n de la Sant\u00edsima Virgen, al rezar el rosario para la reconciliaci\u00f3n.<\/p>\n<p>La oraci\u00f3n es el puente para dialogar con Dios y apoyado en el Se\u00f1or y con la intercesi\u00f3n de la Sant\u00edsima Virgen. Abre el di\u00e1logo contigo y tu pareja. Permite que el Se\u00f1or los gu\u00ede con su Esp\u00edritu Santo para rogar por la unidad y la reconciliaci\u00f3n de la pareja.<\/p>\n<p><strong>Contiene:<\/strong><\/p>\n<ol>\n<li><strong>El rosario de reconciliaci\u00f3n<\/strong> para cada d\u00eda de la semana con la meditaci\u00f3n de la vida del Se\u00f1or unida a tu vida en pareja.<\/li>\n<li><strong>La oraci\u00f3n para la reconciliaci\u00f3n de la pareja\u00a0<\/strong><\/li>\n<li><strong>El rosario de los misterios de tu vida<\/strong> para prepararse a descansar, agradeciendo, perdonando, reconociendo la presencia del Se\u00f1or en tus necesidades y las de tu pr\u00f3jimo.<\/li>\n<li><strong>La meditaci\u00f3n en MP3 del Rosario<\/strong> de la Reconciliaci\u00f3n de la pareja. Con duraci\u00f3n de 60 minutos<\/li>\n<\/ol>\n","protected":false},"excerpt":{"rendered":"<p><strong><span style=\"color: #ff0000;\">Adquiere y descarga por s\u00f3lo MX$ 99.00<br \/>\n<\/span><\/strong>En D\u00f3lares Americanos: USD$ [convert number=99.00 from=\"mxn\" to=\"usd\"]<br \/>\nEn Euros: EUR \u20ac [convert number=99.00 from=\"mxn\" to=\"eur\"]<\/p>\n<p>Libro digital en PDF con el modo completo de rezar el rosario.<strong><br \/>\nCada d\u00eda ruega con el rosario con 50 meditaciones enfocadas a descubrir tu reconciliaci\u00f3n de pareja.<\/strong><\/p>\n<h2><span style=\"color: #ff0000;\">Adem\u00e1s:<\/span><\/h2>\n<h3 style=\"text-align: center;\"><span style=\"color: #ff0000;\">La meditaci\u00f3n en MP3<br \/>\ndel Rosario de la Reconciliaci\u00f3n de la pareja.<br \/>\nCon duraci\u00f3n de 60 minutos<br \/>\n<\/span><\/h3>\n","protected":false},"featured_media":9090,"comment_status":"open","ping_status":"closed","template":"","meta":{"om_disable_all_campaigns":false,"_monsterinsights_skip_tracking":false,"_monsterinsights_sitenote_active":false,"_monsterinsights_sitenote_note":"","_monsterinsights_sitenote_category":0,"_uf_show_specific_survey":0,"_uf_disable_surveys":false},"product_brand":[],"product_cat":[27,44,405,79],"product_tag":[52,37,38],"class_list":{"0":"post-429","1":"product","2":"type-product","3":"status-publish","4":"has-post-thumbnail","6":"product_cat-grabaciones","7":"product_cat-libro-digital","8":"product_cat-pdf","9":"product_cat-pareja","10":"product_tag-publiaciones-espiritualidad","11":"product_tag-grabaciones-perdon","12":"product_tag-publiaciones","14":"first","15":"instock","16":"sale","17":"downloadable","18":"virtual","19":"sold-individually","20":"purchasable","21":"product-type-simple"},"wppr_data":{"cwp_meta_box_check":"No"},"yoast_head":"<!-- This site is optimized with the Yoast SEO plugin v26.1.1 - https:\/\/yoast.com\/wordpress\/plugins\/seo\/ -->\n<title>Rosarios de reconciliaci\u00f3n de la pareja; Libro PDF y MP3 - Tienda en Mision de Amor<\/title>\n<meta name=\"description\" content=\"Abre el di\u00e1logo contigo y tu pareja. Permite que el Se\u00f1or los gu\u00ede con su Esp\u00edritu Santo para rogar por la unidad y la reconciliaci\u00f3n de la pareja.\" \/>\n<meta name=\"robots\" content=\"index, follow, max-snippet:-1, max-image-preview:large, max-video-preview:-1\" \/>\n<link rel=\"canonical\" href=\"https:\/\/misiondeamor.com.mx\/tienda\/producto\/modo-de-rezar-el-rosario-para-la-reconciliacion-de-la-pareja\/\" \/>\n<meta property=\"og:locale\" content=\"es_ES\" \/>\n<meta property=\"og:type\" content=\"article\" \/>\n<meta property=\"og:title\" content=\"Rosarios de reconciliaci\u00f3n de la pareja; Libro PDF y MP3 - Tienda en Mision de Amor\" \/>\n<meta property=\"og:description\" content=\"Abre el di\u00e1logo contigo y tu pareja. Permite que el Se\u00f1or los gu\u00ede con su Esp\u00edritu Santo para rogar por la unidad y la reconciliaci\u00f3n de la pareja.\" \/>\n<meta property=\"og:url\" content=\"https:\/\/misiondeamor.com.mx\/tienda\/producto\/modo-de-rezar-el-rosario-para-la-reconciliacion-de-la-pareja\/\" \/>\n<meta property=\"og:site_name\" content=\"Tienda en Mision de Amor\" \/>\n<meta property=\"article:publisher\" content=\"https:\/\/www.facebook.com\/tiendademision\" \/>\n<meta property=\"article:modified_time\" content=\"2023-06-29T05:44:10+00:00\" \/>\n<meta property=\"og:image\" content=\"https:\/\/misiondeamor.com.mx\/tienda\/wp-content\/uploads\/2017\/09\/1687993796.png\" \/>\n\t<meta property=\"og:image:width\" content=\"1000\" \/>\n\t<meta property=\"og:image:height\" content=\"2000\" \/>\n\t<meta property=\"og:image:type\" content=\"image\/png\" \/>\n<meta name=\"twitter:card\" content=\"summary_large_image\" \/>\n<meta name=\"twitter:site\" content=\"@misiondeamormx2\" \/>\n<meta name=\"twitter:label1\" content=\"Tiempo de lectura\" \/>\n\t<meta name=\"twitter:data1\" content=\"1 minuto\" \/>\n<!-- \/ Yoast SEO plugin. -->","yoast_head_json":{"title":"Rosarios de reconciliaci\u00f3n de la pareja; Libro PDF y MP3 - Tienda en Mision de Amor","description":"Abre el di\u00e1logo contigo y tu pareja. Permite que el Se\u00f1or los gu\u00ede con su Esp\u00edritu Santo para rogar por la unidad y la reconciliaci\u00f3n de la pareja.","robots":{"index":"index","follow":"follow","max-snippet":"max-snippet:-1","max-image-preview":"max-image-preview:large","max-video-preview":"max-video-preview:-1"},"canonical":"https:\/\/misiondeamor.com.mx\/tienda\/producto\/modo-de-rezar-el-rosario-para-la-reconciliacion-de-la-pareja\/","og_locale":"es_ES","og_type":"article","og_title":"Rosarios de reconciliaci\u00f3n de la pareja; Libro PDF y MP3 - Tienda en Mision de Amor","og_description":"Abre el di\u00e1logo contigo y tu pareja. Permite que el Se\u00f1or los gu\u00ede con su Esp\u00edritu Santo para rogar por la unidad y la reconciliaci\u00f3n de la pareja.","og_url":"https:\/\/misiondeamor.com.mx\/tienda\/producto\/modo-de-rezar-el-rosario-para-la-reconciliacion-de-la-pareja\/","og_site_name":"Tienda en Mision de Amor","article_publisher":"https:\/\/www.facebook.com\/tiendademision","article_modified_time":"2023-06-29T05:44:10+00:00","og_image":[{"width":1000,"height":2000,"url":"https:\/\/misiondeamor.com.mx\/tienda\/wp-content\/uploads\/2017\/09\/1687993796.png","type":"image\/png"}],"twitter_card":"summary_large_image","twitter_site":"@misiondeamormx2","twitter_misc":{"Tiempo de lectura":"1 minuto"},"schema":{"@context":"https:\/\/schema.org","@graph":[{"@type":"WebPage","@id":"https:\/\/misiondeamor.com.mx\/tienda\/producto\/modo-de-rezar-el-rosario-para-la-reconciliacion-de-la-pareja\/","url":"https:\/\/misiondeamor.com.mx\/tienda\/producto\/modo-de-rezar-el-rosario-para-la-reconciliacion-de-la-pareja\/","name":"Rosarios de reconciliaci\u00f3n de la pareja; Libro PDF y MP3 - Tienda en Mision de Amor","isPartOf":{"@id":"https:\/\/misiondeamor.com.mx\/tienda\/#website"},"primaryImageOfPage":{"@id":"https:\/\/misiondeamor.com.mx\/tienda\/producto\/modo-de-rezar-el-rosario-para-la-reconciliacion-de-la-pareja\/#primaryimage"},"image":{"@id":"https:\/\/misiondeamor.com.mx\/tienda\/producto\/modo-de-rezar-el-rosario-para-la-reconciliacion-de-la-pareja\/#primaryimage"},"thumbnailUrl":"https:\/\/misiondeamor.com.mx\/tienda\/wp-content\/uploads\/2017\/09\/1687993796.png","datePublished":"2017-09-03T02:13:25+00:00","dateModified":"2023-06-29T05:44:10+00:00","description":"Abre el di\u00e1logo contigo y tu pareja. Permite que el Se\u00f1or los gu\u00ede con su Esp\u00edritu Santo para rogar por la unidad y la reconciliaci\u00f3n de la pareja.","breadcrumb":{"@id":"https:\/\/misiondeamor.com.mx\/tienda\/producto\/modo-de-rezar-el-rosario-para-la-reconciliacion-de-la-pareja\/#breadcrumb"},"inLanguage":"es","potentialAction":[{"@type":"ReadAction","target":["https:\/\/misiondeamor.com.mx\/tienda\/producto\/modo-de-rezar-el-rosario-para-la-reconciliacion-de-la-pareja\/"]}]},{"@type":"ImageObject","inLanguage":"es","@id":"https:\/\/misiondeamor.com.mx\/tienda\/producto\/modo-de-rezar-el-rosario-para-la-reconciliacion-de-la-pareja\/#primaryimage","url":"https:\/\/misiondeamor.com.mx\/tienda\/wp-content\/uploads\/2017\/09\/1687993796.png","contentUrl":"https:\/\/misiondeamor.com.mx\/tienda\/wp-content\/uploads\/2017\/09\/1687993796.png","width":1000,"height":2000},{"@type":"BreadcrumbList","@id":"https:\/\/misiondeamor.com.mx\/tienda\/producto\/modo-de-rezar-el-rosario-para-la-reconciliacion-de-la-pareja\/#breadcrumb","itemListElement":[{"@type":"ListItem","position":1,"name":"Portada","item":"https:\/\/misiondeamor.com.mx\/tienda\/"},{"@type":"ListItem","position":2,"name":"Publicaciones","item":"https:\/\/misiondeamor.com.mx\/tienda\/"},{"@type":"ListItem","position":3,"name":"Rosarios de reconciliaci\u00f3n de la pareja; Libro PDF y MP3"}]},{"@type":"WebSite","@id":"https:\/\/misiondeamor.com.mx\/tienda\/#website","url":"https:\/\/misiondeamor.com.mx\/tienda\/","name":"Tienda en Mision de Amor","description":"Productos y servicios en Misi\u00f3n de Amor","publisher":{"@id":"https:\/\/misiondeamor.com.mx\/tienda\/#organization"},"potentialAction":[{"@type":"SearchAction","target":{"@type":"EntryPoint","urlTemplate":"https:\/\/misiondeamor.com.mx\/tienda\/?s={search_term_string}"},"query-input":{"@type":"PropertyValueSpecification","valueRequired":true,"valueName":"search_term_string"}}],"inLanguage":"es"},{"@type":"Organization","@id":"https:\/\/misiondeamor.com.mx\/tienda\/#organization","name":"Misi\u00f3n de Amor","url":"https:\/\/misiondeamor.com.mx\/tienda\/","logo":{"@type":"ImageObject","inLanguage":"es","@id":"https:\/\/misiondeamor.com.mx\/tienda\/#\/schema\/logo\/image\/","url":"https:\/\/misiondeamor.com.mx\/tienda\/wp-content\/uploads\/2019\/08\/logotienda2019-e1566319984887.png","contentUrl":"https:\/\/misiondeamor.com.mx\/tienda\/wp-content\/uploads\/2019\/08\/logotienda2019-e1566319984887.png","width":150,"height":150,"caption":"Misi\u00f3n de Amor"},"image":{"@id":"https:\/\/misiondeamor.com.mx\/tienda\/#\/schema\/logo\/image\/"},"sameAs":["https:\/\/www.facebook.com\/tiendademision","https:\/\/x.com\/misiondeamormx2","https:\/\/www.youtube.com\/misiondeamormx"]}]}},"amp_enabled":true,"_links":{"self":[{"href":"https:\/\/misiondeamor.com.mx\/tienda\/wp-json\/wp\/v2\/product\/429","targetHints":{"allow":["GET"]}}],"collection":[{"href":"https:\/\/misiondeamor.com.mx\/tienda\/wp-json\/wp\/v2\/product"}],"about":[{"href":"https:\/\/misiondeamor.com.mx\/tienda\/wp-json\/wp\/v2\/types\/product"}],"replies":[{"embeddable":true,"href":"https:\/\/misiondeamor.com.mx\/tienda\/wp-json\/wp\/v2\/comments?post=429"}],"wp:featuredmedia":[{"embeddable":true,"href":"https:\/\/misiondeamor.com.mx\/tienda\/wp-json\/wp\/v2\/media\/9090"}],"wp:attachment":[{"href":"https:\/\/misiondeamor.com.mx\/tienda\/wp-json\/wp\/v2\/media?parent=429"}],"wp:term":[{"taxonomy":"product_brand","embeddable":true,"href":"https:\/\/misiondeamor.com.mx\/tienda\/wp-json\/wp\/v2\/product_brand?post=429"},{"taxonomy":"product_cat","embeddable":true,"href":"https:\/\/misiondeamor.com.mx\/tienda\/wp-json\/wp\/v2\/product_cat?post=429"},{"taxonomy":"product_tag","embeddable":true,"href":"https:\/\/misiondeamor.com.mx\/tienda\/wp-json\/wp\/v2\/product_tag?post=429"}],"curies":[{"name":"wp","href":"https:\/\/api.w.org\/{rel}","templated":true}]}}