{"id":628,"date":"2018-02-14T15:24:45","date_gmt":"2018-02-14T21:24:45","guid":{"rendered":"https:\/\/misiondeamor.com.mx\/tienda\/producto\/descarga-la-coleccion-del-taller-de-oracion-y-meditacion\/"},"modified":"2019-08-21T10:25:25","modified_gmt":"2019-08-21T15:25:25","slug":"descarga-la-coleccion-del-taller-de-oracion-y-meditacion","status":"publish","type":"product","link":"https:\/\/misiondeamor.com.mx\/tienda\/producto\/descarga-la-coleccion-del-taller-de-oracion-y-meditacion\/","title":{"rendered":"Descarga la colecci\u00f3n del taller de oraci\u00f3n y meditaci\u00f3n"},"content":{"rendered":"<p>LL\u00e9vate esta colecci\u00f3n de 14 grabaciones, en mp3, realizadas en 3 vol\u00famenes, por Misi\u00f3n de Amor, frente al Sagrario y en el ambiente del Campo, para guiarte en la experiencia de\u00a0 orar y meditar.<\/p>\n<p>Escucha el demo\u2026.<\/p>\n<!--[if lt IE 9]><script>document.createElement('audio');<\/script><![endif]-->\n<audio class=\"wp-audio-shortcode\" id=\"audio-628-1\" preload=\"none\" style=\"width: 100%;\" controls=\"controls\"><source type=\"audio\/mpeg\" src=\"http:\/\/misiondeamor.com.mx\/wp-content\/uploads\/edd\/2015\/07\/Taller-de-oracion-y-meditacion-DEMO.mp3?_=1\" \/><a href=\"http:\/\/misiondeamor.com.mx\/wp-content\/uploads\/edd\/2015\/07\/Taller-de-oracion-y-meditacion-DEMO.mp3\">http:\/\/misiondeamor.com.mx\/wp-content\/uploads\/edd\/2015\/07\/Taller-de-oracion-y-meditacion-DEMO.mp3<\/a><\/audio>\n<p>La gu\u00eda es de forma sencilla para entrar en contacto con nuestro Se\u00f1or, inclusive en los momentos de conflicto que tanta falta nos hace para encontrar el camino, la verdad y la vida que viene del Amor.<\/p>\n<p>Orar es dialogar con el Se\u00f1or, platicarle de cualquier cosa, siempre est\u00e1 dispuesto a escucharnos y atento para abrazarnos con su presencia y guiarnos con su Esp\u00edritu. S\u00f3lo hay una condici\u00f3n, realizar este dialogo es posible solo en el presente, por eso la meditaci\u00f3n es una herramienta que nos regresa al presente aquietando nuestra mente, nuestras emociones, nuestro cuerpo, las relaciones con nuestro pr\u00f3jimo y el medio ambiente.<\/p>\n<p><strong><img loading=\"lazy\" decoding=\"async\" class=\"size-thumbnail wp-image-322 alignleft\" src=\"https:\/\/tienda.misiondeamor.com.mx\/wp-content\/uploads\/2017\/06\/3-2016-02-25-3-150x150.jpg\" alt=\"\" width=\"150\" height=\"150\" \/>1.- C\u00f3mo meditar<\/strong><\/p>\n<ul>\n<li>Introducci\u00f3n a la meditaci\u00f3n<\/li>\n<li>Meditaci\u00f3n auditiva, ejercicio<\/li>\n<li>Meditaci\u00f3n caminando, ejercicio<\/li>\n<li>Meditaci\u00f3n con jaculatoria al amanecer, ejercicio<\/li>\n<\/ul>\n<p>&nbsp;<\/p>\n<p><strong><img loading=\"lazy\" decoding=\"async\" class=\"size-thumbnail wp-image-320 alignleft\" src=\"https:\/\/tienda.misiondeamor.com.mx\/wp-content\/uploads\/2017\/06\/2-2016-02-25-2-150x150.jpg\" alt=\"\" width=\"150\" height=\"150\" \/>2.- Meditaci\u00f3n Guiada y ejercicio espiritual<\/strong><\/p>\n<ul>\n<li>Deja de Juzgar, Ejercicio Espiritual<\/li>\n<li>Ni\u00e9gate a ti mismo, Ejercicio Espiritual<\/li>\n<li>Resucitar en el Amor, Meditaci\u00f3n Guiada<\/li>\n<\/ul>\n<p>&nbsp;<\/p>\n<p><strong><img loading=\"lazy\" decoding=\"async\" class=\"size-thumbnail wp-image-318 alignleft\" src=\"https:\/\/tienda.misiondeamor.com.mx\/wp-content\/uploads\/2017\/06\/1-2016-02-25-5-150x150.jpg\" alt=\"\" width=\"150\" height=\"150\" \/>3.- C\u00f3mo rezar<\/strong><\/p>\n<ul style=\"list-style-type: disc;\">\n<li>C\u00f3mo rezar<\/li>\n<li>En mi debilidad,\u00a0reflexi\u00f3n, dialogo y oraci\u00f3n<\/li>\n<li>Oraci\u00f3n de Pacificaci\u00f3n<\/li>\n<li>Pidiendo\u00a0perd\u00f3n\u00a0a Jes\u00fas Sacramentado<\/li>\n<li>Recibiendo a Cristo, reflexi\u00f3n y oraci\u00f3n<\/li>\n<li>Visita al sagrario consagraci\u00f3n<\/li>\n<\/ul>\n","protected":false},"excerpt":{"rendered":"<p><strong><span style=\"color: #ff0000;\">Adquiere y descarga 14 grabaciones, en mp3.<br \/>\nToda la Colecci\u00f3n por S\u00f3lo MX$ 180<\/span><br \/>\n<\/strong>Aprox.: USD$ [convert number=180.00 from=\"mxn\" to=\"usd\"] \u00f3 \u00a0EUR \u20ac [convert number=180.00 from=\"mxn\" to=\"eur\"]<\/p>\n","protected":false},"featured_media":3999,"comment_status":"open","ping_status":"closed","template":"","meta":{"om_disable_all_campaigns":false,"_monsterinsights_skip_tracking":false,"_monsterinsights_sitenote_active":false,"_monsterinsights_sitenote_note":"","_monsterinsights_sitenote_category":0,"_uf_show_specific_survey":0,"_uf_disable_surveys":false},"product_brand":[],"product_cat":[71,27,128],"product_tag":[52,34,35,36],"class_list":{"0":"post-628","1":"product","2":"type-product","3":"status-publish","4":"has-post-thumbnail","6":"product_cat-taller-curso","7":"product_cat-grabaciones","8":"product_cat-taller-de-oracion-y-meditacion","9":"product_tag-publiaciones-espiritualidad","10":"product_tag-grabaciones","11":"product_tag-grabaciones-meditacion","12":"product_tag-grabaciones-oraciones","14":"first","15":"instock","16":"downloadable","17":"virtual","18":"sold-individually","19":"purchasable","20":"product-type-simple"},"wppr_data":[],"yoast_head":"<!-- This site is optimized with the Yoast SEO plugin v26.1.1 - https:\/\/yoast.com\/wordpress\/plugins\/seo\/ -->\n<title>Descarga la colecci\u00f3n del taller de oraci\u00f3n y meditaci\u00f3n - Tienda en Mision de Amor<\/title>\n<meta name=\"robots\" content=\"index, follow, max-snippet:-1, max-image-preview:large, max-video-preview:-1\" \/>\n<link rel=\"canonical\" href=\"https:\/\/misiondeamor.com.mx\/tienda\/producto\/descarga-la-coleccion-del-taller-de-oracion-y-meditacion\/\" \/>\n<meta property=\"og:locale\" content=\"es_ES\" \/>\n<meta property=\"og:type\" content=\"article\" \/>\n<meta property=\"og:title\" content=\"Descarga la colecci\u00f3n del taller de oraci\u00f3n y meditaci\u00f3n - Tienda en Mision de Amor\" \/>\n<meta property=\"og:description\" content=\"Adquiere y descarga 14 grabaciones, en mp3. Toda la Colecci\u00f3n por S\u00f3lo MX$ 180 Aprox.: USD$ \u00f3 \u00a0EUR \u20ac\" \/>\n<meta property=\"og:url\" content=\"https:\/\/misiondeamor.com.mx\/tienda\/producto\/descarga-la-coleccion-del-taller-de-oracion-y-meditacion\/\" \/>\n<meta property=\"og:site_name\" content=\"Tienda en Mision de Amor\" \/>\n<meta property=\"article:publisher\" content=\"https:\/\/www.facebook.com\/tiendademision\" \/>\n<meta property=\"article:modified_time\" content=\"2019-08-21T15:25:25+00:00\" \/>\n<meta property=\"og:image\" content=\"https:\/\/misiondeamor.com.mx\/tienda\/wp-content\/uploads\/2018\/02\/Descarga-la-colecci\u00f3n-del-taller-de-oraci\u00f3n-y-meditaci\u00f3n.jpg\" \/>\n\t<meta property=\"og:image:width\" content=\"1800\" \/>\n\t<meta property=\"og:image:height\" content=\"1800\" \/>\n\t<meta property=\"og:image:type\" content=\"image\/jpeg\" \/>\n<meta name=\"twitter:card\" content=\"summary_large_image\" \/>\n<meta name=\"twitter:site\" content=\"@misiondeamormx2\" \/>\n<meta name=\"twitter:label1\" content=\"Tiempo de lectura\" \/>\n\t<meta name=\"twitter:data1\" content=\"1 minuto\" \/>\n<!-- \/ Yoast SEO plugin. -->","yoast_head_json":{"title":"Descarga la colecci\u00f3n del taller de oraci\u00f3n y meditaci\u00f3n - Tienda en Mision de Amor","robots":{"index":"index","follow":"follow","max-snippet":"max-snippet:-1","max-image-preview":"max-image-preview:large","max-video-preview":"max-video-preview:-1"},"canonical":"https:\/\/misiondeamor.com.mx\/tienda\/producto\/descarga-la-coleccion-del-taller-de-oracion-y-meditacion\/","og_locale":"es_ES","og_type":"article","og_title":"Descarga la colecci\u00f3n del taller de oraci\u00f3n y meditaci\u00f3n - Tienda en Mision de Amor","og_description":"Adquiere y descarga 14 grabaciones, en mp3. Toda la Colecci\u00f3n por S\u00f3lo MX$ 180 Aprox.: USD$ \u00f3 \u00a0EUR \u20ac","og_url":"https:\/\/misiondeamor.com.mx\/tienda\/producto\/descarga-la-coleccion-del-taller-de-oracion-y-meditacion\/","og_site_name":"Tienda en Mision de Amor","article_publisher":"https:\/\/www.facebook.com\/tiendademision","article_modified_time":"2019-08-21T15:25:25+00:00","og_image":[{"width":1800,"height":1800,"url":"https:\/\/misiondeamor.com.mx\/tienda\/wp-content\/uploads\/2018\/02\/Descarga-la-colecci\u00f3n-del-taller-de-oraci\u00f3n-y-meditaci\u00f3n.jpg","type":"image\/jpeg"}],"twitter_card":"summary_large_image","twitter_site":"@misiondeamormx2","twitter_misc":{"Tiempo de lectura":"1 minuto"},"schema":{"@context":"https:\/\/schema.org","@graph":[{"@type":"WebPage","@id":"https:\/\/misiondeamor.com.mx\/tienda\/producto\/descarga-la-coleccion-del-taller-de-oracion-y-meditacion\/","url":"https:\/\/misiondeamor.com.mx\/tienda\/producto\/descarga-la-coleccion-del-taller-de-oracion-y-meditacion\/","name":"Descarga la colecci\u00f3n del taller de oraci\u00f3n y meditaci\u00f3n - Tienda en Mision de Amor","isPartOf":{"@id":"https:\/\/misiondeamor.com.mx\/tienda\/#website"},"primaryImageOfPage":{"@id":"https:\/\/misiondeamor.com.mx\/tienda\/producto\/descarga-la-coleccion-del-taller-de-oracion-y-meditacion\/#primaryimage"},"image":{"@id":"https:\/\/misiondeamor.com.mx\/tienda\/producto\/descarga-la-coleccion-del-taller-de-oracion-y-meditacion\/#primaryimage"},"thumbnailUrl":"https:\/\/misiondeamor.com.mx\/tienda\/wp-content\/uploads\/2018\/02\/Descarga-la-colecci\u00f3n-del-taller-de-oraci\u00f3n-y-meditaci\u00f3n.jpg","datePublished":"2018-02-14T21:24:45+00:00","dateModified":"2019-08-21T15:25:25+00:00","breadcrumb":{"@id":"https:\/\/misiondeamor.com.mx\/tienda\/producto\/descarga-la-coleccion-del-taller-de-oracion-y-meditacion\/#breadcrumb"},"inLanguage":"es","potentialAction":[{"@type":"ReadAction","target":["https:\/\/misiondeamor.com.mx\/tienda\/producto\/descarga-la-coleccion-del-taller-de-oracion-y-meditacion\/"]}]},{"@type":"ImageObject","inLanguage":"es","@id":"https:\/\/misiondeamor.com.mx\/tienda\/producto\/descarga-la-coleccion-del-taller-de-oracion-y-meditacion\/#primaryimage","url":"https:\/\/misiondeamor.com.mx\/tienda\/wp-content\/uploads\/2018\/02\/Descarga-la-colecci\u00f3n-del-taller-de-oraci\u00f3n-y-meditaci\u00f3n.jpg","contentUrl":"https:\/\/misiondeamor.com.mx\/tienda\/wp-content\/uploads\/2018\/02\/Descarga-la-colecci\u00f3n-del-taller-de-oraci\u00f3n-y-meditaci\u00f3n.jpg","width":1800,"height":1800},{"@type":"BreadcrumbList","@id":"https:\/\/misiondeamor.com.mx\/tienda\/producto\/descarga-la-coleccion-del-taller-de-oracion-y-meditacion\/#breadcrumb","itemListElement":[{"@type":"ListItem","position":1,"name":"Portada","item":"https:\/\/misiondeamor.com.mx\/tienda\/"},{"@type":"ListItem","position":2,"name":"Publicaciones","item":"https:\/\/misiondeamor.com.mx\/tienda\/"},{"@type":"ListItem","position":3,"name":"Descarga la colecci\u00f3n del taller de oraci\u00f3n y meditaci\u00f3n"}]},{"@type":"WebSite","@id":"https:\/\/misiondeamor.com.mx\/tienda\/#website","url":"https:\/\/misiondeamor.com.mx\/tienda\/","name":"Tienda en Mision de Amor","description":"Productos y servicios en Misi\u00f3n de Amor","publisher":{"@id":"https:\/\/misiondeamor.com.mx\/tienda\/#organization"},"potentialAction":[{"@type":"SearchAction","target":{"@type":"EntryPoint","urlTemplate":"https:\/\/misiondeamor.com.mx\/tienda\/?s={search_term_string}"},"query-input":{"@type":"PropertyValueSpecification","valueRequired":true,"valueName":"search_term_string"}}],"inLanguage":"es"},{"@type":"Organization","@id":"https:\/\/misiondeamor.com.mx\/tienda\/#organization","name":"Misi\u00f3n de Amor","url":"https:\/\/misiondeamor.com.mx\/tienda\/","logo":{"@type":"ImageObject","inLanguage":"es","@id":"https:\/\/misiondeamor.com.mx\/tienda\/#\/schema\/logo\/image\/","url":"https:\/\/misiondeamor.com.mx\/tienda\/wp-content\/uploads\/2019\/08\/logotienda2019-e1566319984887.png","contentUrl":"https:\/\/misiondeamor.com.mx\/tienda\/wp-content\/uploads\/2019\/08\/logotienda2019-e1566319984887.png","width":150,"height":150,"caption":"Misi\u00f3n de Amor"},"image":{"@id":"https:\/\/misiondeamor.com.mx\/tienda\/#\/schema\/logo\/image\/"},"sameAs":["https:\/\/www.facebook.com\/tiendademision","https:\/\/x.com\/misiondeamormx2","https:\/\/www.youtube.com\/misiondeamormx"]}]}},"amp_enabled":true,"_links":{"self":[{"href":"https:\/\/misiondeamor.com.mx\/tienda\/wp-json\/wp\/v2\/product\/628","targetHints":{"allow":["GET"]}}],"collection":[{"href":"https:\/\/misiondeamor.com.mx\/tienda\/wp-json\/wp\/v2\/product"}],"about":[{"href":"https:\/\/misiondeamor.com.mx\/tienda\/wp-json\/wp\/v2\/types\/product"}],"replies":[{"embeddable":true,"href":"https:\/\/misiondeamor.com.mx\/tienda\/wp-json\/wp\/v2\/comments?post=628"}],"wp:featuredmedia":[{"embeddable":true,"href":"https:\/\/misiondeamor.com.mx\/tienda\/wp-json\/wp\/v2\/media\/3999"}],"wp:attachment":[{"href":"https:\/\/misiondeamor.com.mx\/tienda\/wp-json\/wp\/v2\/media?parent=628"}],"wp:term":[{"taxonomy":"product_brand","embeddable":true,"href":"https:\/\/misiondeamor.com.mx\/tienda\/wp-json\/wp\/v2\/product_brand?post=628"},{"taxonomy":"product_cat","embeddable":true,"href":"https:\/\/misiondeamor.com.mx\/tienda\/wp-json\/wp\/v2\/product_cat?post=628"},{"taxonomy":"product_tag","embeddable":true,"href":"https:\/\/misiondeamor.com.mx\/tienda\/wp-json\/wp\/v2\/product_tag?post=628"}],"curies":[{"name":"wp","href":"https:\/\/api.w.org\/{rel}","templated":true}]}}