{"id":641,"date":"2018-03-02T19:44:08","date_gmt":"2018-03-03T01:44:08","guid":{"rendered":"https:\/\/misiondeamor.com.mx\/tienda\/producto\/novena-a-san-judas-tadeo-descarga-mp3\/"},"modified":"2019-08-21T09:31:11","modified_gmt":"2019-08-21T14:31:11","slug":"novena-a-san-judas-tadeo-descarga-mp3","status":"publish","type":"product","link":"https:\/\/misiondeamor.com.mx\/tienda\/producto\/novena-a-san-judas-tadeo-descarga-mp3\/","title":{"rendered":"Novena a San Judas Tadeo"},"content":{"rendered":"<p><b>San Judas Tadeo, Ap\u00f3stol de los Necesitados<\/b><\/p>\n<p align=\"JUSTIFY\">San Judas Tadeo estaba \u00edntimamente relacionado con nuestro Se\u00f1or por su parentesco con San Joaqu\u00edn y Santa Ana, padres de la Sant\u00edsima Virgen. Sobrino nieto de estos dos santos, es a la vez sobrino de Mar\u00eda y Jos\u00e9, de donde resulta ser primo de nuestro Se\u00f1or.<\/p>\n<p align=\"JUSTIFY\">Judas es hermano del Ap\u00f3stol Santiago el Menor. Ten\u00eda otros dos hermanos a quienes llama el Evangelio &#8220;hermanos&#8221; de Jes\u00fas. Cuando nuestro Se\u00f1or regres\u00f3 de Judea a Nazaret, comenz\u00f3 a ense\u00f1ar en la sinagoga. Las gentes que le o\u00edan estaban asombradas y dec\u00edan: \u00bfDe d\u00f3nde ha llegado tanta sabidur\u00eda y ese poder de hacer milagros? \u00bfNo es el hijo del carpintero? \u00bfNo se llama Mar\u00eda su madre? \u00bfNo son sus hermanos Santiago, Jos\u00e9, Sim\u00f3n y Judas?&#8221; (Mt. 13,54)<\/p>\n<p><b>CARTA DE SAN JUDAS TADEO* <\/b><\/p>\n<blockquote><p><b>Judas 1-7: \u00a0<\/b><i>Judas, servidor de Jesucristo y hermano de Santiago, a los que fueron llamados a la fe, amados por Dios Padre y guardados en Cristo Jes\u00fas. Reine entre ustedes la misericordia, la paz y el amor. \u00a0<\/i><\/p>\n<p><i>\u00a0Amad\u00edsimos, ten\u00eda un gran deseo de escribirles acerca de nuestra com\u00fan salvaci\u00f3n, y me sent\u00ed obligado a hacerlo para exhortarlos a luchar por la \u00a0fe que Dios entreg\u00f3 de una vez para siempre a sus Santos.\u00a0 Porque se han infiltrado en medio de ustedes ciertas personas ya se\u00f1aladas para la condenaci\u00f3n, gente imp\u00eda que hacen de la gracia de nuestro Dios un pretexto para su libertinaje y niegan a nuestro \u00fanico Due\u00f1o y Se\u00f1or Jesucristo \u00a0\u00a0.<\/i>Saludo y motivos de la carta.<\/p>\n<p><i>Quiero recordarles algo que ya saben, y es que el Se\u00f1or, despu\u00e9s de liberar a su pueblo de el pa\u00eds de Egipto, intervino por segunda vez para entregar a la muerte a los que no creyeron. Lo mismo lo hizo con los \u00e1ngeles que no mantuvieron su dignidad y abandonaron su propia morada: Dios los encerr\u00f3 en c\u00e1rceles eternas, en profundas tinieblas, hasta que llegue el gran d\u00eda del Juicio. De igual modo sentenci\u00f3 a Sodoma, Gomorra y las ciudades vecinas que se entrgaban a la prostituci\u00f3n y se dejaban llevar por sus instintos; \u00e9stas son ahora una advertencia de el fuego eterno.\u00a0I<\/i><i>ntervino por segunda vez para entregar a la muerte a los que no creyeron<\/i><\/p>\n<p>Judas, siervo de Jesucristo y hermano de Santiago, a los que han sido llamados y se mantienen en el amor de Dios Padre y en la entrega a Jesucristo. Que la misericordia, la paz y el amor abunden en ustedes.<\/p><\/blockquote>\n","protected":false},"excerpt":{"rendered":"<ul>\n<li><strong>Descarga 10 grabaciones para acompa\u00f1ar la devoci\u00f3n de la novena a San Judas Tadeo, adem\u00e1s la oraci\u00f3n del Morralito.<\/strong><\/li>\n<li>Grabadas en MP3<\/li>\n<\/ul>\n<p>Precio en pesos Mexicanos<\/p>\n<p>Precio en D\u00f3lares Americanos: USD$ [convert number=99.00 from=\"mxn\" to=\"usd\"]<\/p>\n<p>Precio en Euros: EUR \u20ac [convert number=99.00 from=\"mxn\" to=\"eur\"]<\/p>\n","protected":false},"featured_media":4023,"comment_status":"open","ping_status":"closed","template":"","meta":{"om_disable_all_campaigns":false,"_monsterinsights_skip_tracking":false,"_monsterinsights_sitenote_active":false,"_monsterinsights_sitenote_note":"","_monsterinsights_sitenote_category":0,"_uf_show_specific_survey":0,"_uf_disable_surveys":false},"product_brand":[],"product_cat":[49,27],"product_tag":[34,36],"class_list":{"0":"post-641","1":"product","2":"type-product","3":"status-publish","4":"has-post-thumbnail","6":"product_cat-rosario","7":"product_cat-grabaciones","8":"product_tag-grabaciones","9":"product_tag-grabaciones-oraciones","11":"first","12":"instock","13":"sale","14":"downloadable","15":"virtual","16":"sold-individually","17":"purchasable","18":"product-type-simple"},"wppr_data":[],"yoast_head":"<!-- This site is optimized with the Yoast SEO plugin v26.1.1 - https:\/\/yoast.com\/wordpress\/plugins\/seo\/ -->\n<title>Novena a San Judas Tadeo - Tienda en Mision de Amor<\/title>\n<meta name=\"robots\" content=\"index, follow, max-snippet:-1, max-image-preview:large, max-video-preview:-1\" \/>\n<link rel=\"canonical\" href=\"https:\/\/misiondeamor.com.mx\/tienda\/producto\/novena-a-san-judas-tadeo-descarga-mp3\/\" \/>\n<meta property=\"og:locale\" content=\"es_ES\" \/>\n<meta property=\"og:type\" content=\"article\" \/>\n<meta property=\"og:title\" content=\"Novena a San Judas Tadeo - Tienda en Mision de Amor\" \/>\n<meta property=\"og:description\" content=\"Descarga 10 grabaciones para acompa\u00f1ar la devoci\u00f3n de la novena a San Judas Tadeo, adem\u00e1s la oraci\u00f3n del Morralito.  Grabadas en MP3  Precio en pesos Mexicanos  Precio en D\u00f3lares Americanos: USD$   Precio en Euros: EUR \u20ac\" \/>\n<meta property=\"og:url\" content=\"https:\/\/misiondeamor.com.mx\/tienda\/producto\/novena-a-san-judas-tadeo-descarga-mp3\/\" \/>\n<meta property=\"og:site_name\" content=\"Tienda en Mision de Amor\" \/>\n<meta property=\"article:publisher\" content=\"https:\/\/www.facebook.com\/tiendademision\" \/>\n<meta property=\"article:modified_time\" content=\"2019-08-21T14:31:11+00:00\" \/>\n<meta property=\"og:image\" content=\"https:\/\/misiondeamor.com.mx\/tienda\/wp-content\/uploads\/2018\/03\/Novena-A-San-Judas-Tadeo-1-e1566397855325.jpg\" \/>\n\t<meta property=\"og:image:width\" content=\"640\" \/>\n\t<meta property=\"og:image:height\" content=\"640\" \/>\n\t<meta property=\"og:image:type\" content=\"image\/jpeg\" \/>\n<meta name=\"twitter:card\" content=\"summary_large_image\" \/>\n<meta name=\"twitter:site\" content=\"@misiondeamormx2\" \/>\n<meta name=\"twitter:label1\" content=\"Tiempo de lectura\" \/>\n\t<meta name=\"twitter:data1\" content=\"2 minutos\" \/>\n<!-- \/ Yoast SEO plugin. -->","yoast_head_json":{"title":"Novena a San Judas Tadeo - Tienda en Mision de Amor","robots":{"index":"index","follow":"follow","max-snippet":"max-snippet:-1","max-image-preview":"max-image-preview:large","max-video-preview":"max-video-preview:-1"},"canonical":"https:\/\/misiondeamor.com.mx\/tienda\/producto\/novena-a-san-judas-tadeo-descarga-mp3\/","og_locale":"es_ES","og_type":"article","og_title":"Novena a San Judas Tadeo - Tienda en Mision de Amor","og_description":"Descarga 10 grabaciones para acompa\u00f1ar la devoci\u00f3n de la novena a San Judas Tadeo, adem\u00e1s la oraci\u00f3n del Morralito.  Grabadas en MP3  Precio en pesos Mexicanos  Precio en D\u00f3lares Americanos: USD$   Precio en Euros: EUR \u20ac","og_url":"https:\/\/misiondeamor.com.mx\/tienda\/producto\/novena-a-san-judas-tadeo-descarga-mp3\/","og_site_name":"Tienda en Mision de Amor","article_publisher":"https:\/\/www.facebook.com\/tiendademision","article_modified_time":"2019-08-21T14:31:11+00:00","og_image":[{"width":640,"height":640,"url":"https:\/\/misiondeamor.com.mx\/tienda\/wp-content\/uploads\/2018\/03\/Novena-A-San-Judas-Tadeo-1-e1566397855325.jpg","type":"image\/jpeg"}],"twitter_card":"summary_large_image","twitter_site":"@misiondeamormx2","twitter_misc":{"Tiempo de lectura":"2 minutos"},"schema":{"@context":"https:\/\/schema.org","@graph":[{"@type":"WebPage","@id":"https:\/\/misiondeamor.com.mx\/tienda\/producto\/novena-a-san-judas-tadeo-descarga-mp3\/","url":"https:\/\/misiondeamor.com.mx\/tienda\/producto\/novena-a-san-judas-tadeo-descarga-mp3\/","name":"Novena a San Judas Tadeo - Tienda en Mision de Amor","isPartOf":{"@id":"https:\/\/misiondeamor.com.mx\/tienda\/#website"},"primaryImageOfPage":{"@id":"https:\/\/misiondeamor.com.mx\/tienda\/producto\/novena-a-san-judas-tadeo-descarga-mp3\/#primaryimage"},"image":{"@id":"https:\/\/misiondeamor.com.mx\/tienda\/producto\/novena-a-san-judas-tadeo-descarga-mp3\/#primaryimage"},"thumbnailUrl":"https:\/\/misiondeamor.com.mx\/tienda\/wp-content\/uploads\/2018\/03\/Novena-A-San-Judas-Tadeo-1-e1566397855325.jpg","datePublished":"2018-03-03T01:44:08+00:00","dateModified":"2019-08-21T14:31:11+00:00","breadcrumb":{"@id":"https:\/\/misiondeamor.com.mx\/tienda\/producto\/novena-a-san-judas-tadeo-descarga-mp3\/#breadcrumb"},"inLanguage":"es","potentialAction":[{"@type":"ReadAction","target":["https:\/\/misiondeamor.com.mx\/tienda\/producto\/novena-a-san-judas-tadeo-descarga-mp3\/"]}]},{"@type":"ImageObject","inLanguage":"es","@id":"https:\/\/misiondeamor.com.mx\/tienda\/producto\/novena-a-san-judas-tadeo-descarga-mp3\/#primaryimage","url":"https:\/\/misiondeamor.com.mx\/tienda\/wp-content\/uploads\/2018\/03\/Novena-A-San-Judas-Tadeo-1-e1566397855325.jpg","contentUrl":"https:\/\/misiondeamor.com.mx\/tienda\/wp-content\/uploads\/2018\/03\/Novena-A-San-Judas-Tadeo-1-e1566397855325.jpg","width":640,"height":640},{"@type":"BreadcrumbList","@id":"https:\/\/misiondeamor.com.mx\/tienda\/producto\/novena-a-san-judas-tadeo-descarga-mp3\/#breadcrumb","itemListElement":[{"@type":"ListItem","position":1,"name":"Portada","item":"https:\/\/misiondeamor.com.mx\/tienda\/"},{"@type":"ListItem","position":2,"name":"Publicaciones","item":"https:\/\/misiondeamor.com.mx\/tienda\/"},{"@type":"ListItem","position":3,"name":"Novena a San Judas Tadeo"}]},{"@type":"WebSite","@id":"https:\/\/misiondeamor.com.mx\/tienda\/#website","url":"https:\/\/misiondeamor.com.mx\/tienda\/","name":"Tienda en Mision de Amor","description":"Productos y servicios en Misi\u00f3n de Amor","publisher":{"@id":"https:\/\/misiondeamor.com.mx\/tienda\/#organization"},"potentialAction":[{"@type":"SearchAction","target":{"@type":"EntryPoint","urlTemplate":"https:\/\/misiondeamor.com.mx\/tienda\/?s={search_term_string}"},"query-input":{"@type":"PropertyValueSpecification","valueRequired":true,"valueName":"search_term_string"}}],"inLanguage":"es"},{"@type":"Organization","@id":"https:\/\/misiondeamor.com.mx\/tienda\/#organization","name":"Misi\u00f3n de Amor","url":"https:\/\/misiondeamor.com.mx\/tienda\/","logo":{"@type":"ImageObject","inLanguage":"es","@id":"https:\/\/misiondeamor.com.mx\/tienda\/#\/schema\/logo\/image\/","url":"https:\/\/misiondeamor.com.mx\/tienda\/wp-content\/uploads\/2019\/08\/logotienda2019-e1566319984887.png","contentUrl":"https:\/\/misiondeamor.com.mx\/tienda\/wp-content\/uploads\/2019\/08\/logotienda2019-e1566319984887.png","width":150,"height":150,"caption":"Misi\u00f3n de Amor"},"image":{"@id":"https:\/\/misiondeamor.com.mx\/tienda\/#\/schema\/logo\/image\/"},"sameAs":["https:\/\/www.facebook.com\/tiendademision","https:\/\/x.com\/misiondeamormx2","https:\/\/www.youtube.com\/misiondeamormx"]}]}},"amp_enabled":true,"_links":{"self":[{"href":"https:\/\/misiondeamor.com.mx\/tienda\/wp-json\/wp\/v2\/product\/641","targetHints":{"allow":["GET"]}}],"collection":[{"href":"https:\/\/misiondeamor.com.mx\/tienda\/wp-json\/wp\/v2\/product"}],"about":[{"href":"https:\/\/misiondeamor.com.mx\/tienda\/wp-json\/wp\/v2\/types\/product"}],"replies":[{"embeddable":true,"href":"https:\/\/misiondeamor.com.mx\/tienda\/wp-json\/wp\/v2\/comments?post=641"}],"wp:featuredmedia":[{"embeddable":true,"href":"https:\/\/misiondeamor.com.mx\/tienda\/wp-json\/wp\/v2\/media\/4023"}],"wp:attachment":[{"href":"https:\/\/misiondeamor.com.mx\/tienda\/wp-json\/wp\/v2\/media?parent=641"}],"wp:term":[{"taxonomy":"product_brand","embeddable":true,"href":"https:\/\/misiondeamor.com.mx\/tienda\/wp-json\/wp\/v2\/product_brand?post=641"},{"taxonomy":"product_cat","embeddable":true,"href":"https:\/\/misiondeamor.com.mx\/tienda\/wp-json\/wp\/v2\/product_cat?post=641"},{"taxonomy":"product_tag","embeddable":true,"href":"https:\/\/misiondeamor.com.mx\/tienda\/wp-json\/wp\/v2\/product_tag?post=641"}],"curies":[{"name":"wp","href":"https:\/\/api.w.org\/{rel}","templated":true}]}}