{"id":8921,"date":"2021-08-09T23:17:36","date_gmt":"2021-08-10T04:17:36","guid":{"rendered":"https:\/\/misiondeamor.com.mx\/tienda\/?post_type=product&#038;p=8921"},"modified":"2023-06-28T22:50:02","modified_gmt":"2023-06-29T03:50:02","slug":"libr001","status":"publish","type":"product","link":"https:\/\/misiondeamor.com.mx\/tienda\/producto\/libr001\/","title":{"rendered":"El Libro PDF de los Rosarios Meditados, Celebraci\u00f3n de Amor"},"content":{"rendered":"<h3 class=\"western\">Versiones originales para orar y meditar el rosario.<\/h3>\n<p class=\"western\" lang=\"es-MX\">El libro Cat\u00f3lico en PDF para rezar el rosario meditando respuestas, fortaleza, ayuda y gu\u00eda en la diaria batalla. Tradicionales y 12 versiones enfocadas a las necesidades y conflictos del d\u00eda a d\u00eda<\/p>\n<ul>\n<li>\n<p class=\"western\" lang=\"es-MX\">5<span style=\"font-family: Book Antiqua, serif;\">7<\/span><span style=\"font-family: Book Antiqua, serif;\">3<\/span> p\u00e1ginas del libro digital para descubrir, dialogar, orar, meditar y contemplar.<\/p>\n<\/li>\n<\/ul>\n<p class=\"western\" lang=\"es-MX\">El libro de los rosarios meditados, resulta de 15 a\u00f1os descubriendo el di\u00e1logo interno y la evoluci\u00f3n de este tesoro de la espiritualidad. Adem\u00e1s de contener las meditaciones sobre cada uno de los <span style=\"color: #ff0000;\"><strong><span style=\"font-family: Book Antiqua, serif;\">veinte<\/span> misterios de la vida de Cristo<\/strong><\/span> que propone la iglesia cat\u00f3lica (4v). Tambi\u00e9n miras a <strong><span style=\"color: #ff0000;\">Jes\u00fas desde los ojos de Mar\u00eda<\/span><\/strong>: dolor, gozo, gloria y luz(1v). Confirmas la presencia de\u00a0 Cristo <span style=\"color: #ff0000;\"><strong>para dormir<\/strong><\/span><strong><span style=\"color: #ff0000;\"> en la misericordia<\/span><\/strong>(5v). Descubres en la ansiedad y la depresi\u00f3n, <span style=\"color: #ff0000;\"><strong>la paz Interior<\/strong><\/span>(1v). Luchas por<span style=\"color: #ff0000;\"><strong> la reconciliaci\u00f3n de Pareja<\/strong><\/span> (5v). Pedimos la<span style=\"color: #ff0000;\"><strong> restauraci\u00f3n y la prosperidad<\/strong><\/span> (1v). Cultivas <span style=\"color: #ff0000;\"><strong>el alivio del alma y la curaci\u00f3n del cuerpo<\/strong><\/span>(1v). <span style=\"color: #ff0000;\"><strong>Intercedes por los difuntos<\/strong><\/span> (4v). Ruegas por <strong><span style=\"color: #ff0000;\">el Buen temporal<\/span><\/strong>(1v). Y despiertas en ti <strong><span style=\"color: #ff0000;\">el Amor <span style=\"font-family: Book Antiqua, serif;\">del<\/span> Esp\u00edritu Santo<\/span><\/strong>(1v).<\/p>\n<p lang=\"es-MX\"><a href=\"https:\/\/misiondeamor.com.mx\/tienda\/wp-content\/uploads\/2021\/08\/amazon.png\"><img loading=\"lazy\" decoding=\"async\" class=\"wp-image-9079 alignleft\" src=\"https:\/\/misiondeamor.com.mx\/tienda\/wp-content\/uploads\/2021\/08\/amazon-300x300.png\" alt=\"\" width=\"64\" height=\"64\" srcset=\"https:\/\/misiondeamor.com.mx\/tienda\/wp-content\/uploads\/2021\/08\/amazon-300x300.png 300w, https:\/\/misiondeamor.com.mx\/tienda\/wp-content\/uploads\/2021\/08\/amazon-150x150.png 150w, https:\/\/misiondeamor.com.mx\/tienda\/wp-content\/uploads\/2021\/08\/amazon-50x50.png 50w, https:\/\/misiondeamor.com.mx\/tienda\/wp-content\/uploads\/2021\/08\/amazon-75x75.png 75w, https:\/\/misiondeamor.com.mx\/tienda\/wp-content\/uploads\/2021\/08\/amazon-100x100.png 100w, https:\/\/misiondeamor.com.mx\/tienda\/wp-content\/uploads\/2021\/08\/amazon.png 360w\" sizes=\"auto, (max-width: 64px) 100vw, 64px\" \/><\/a><a href=\"https:\/\/www.amazon.com.mx\/dp\/B09HM5J8QC\">Obt\u00e9n AQU\u00cd la Versi\u00f3n internacional Impresa disponible en Amaz\u00f3n<\/a><\/p>\n<p lang=\"es-MX\"><a href=\"https:\/\/www.amazon.com.mx\/libro-los-Rosarios-Meditados-Celebraci%C3%B3n-ebook\/dp\/B0BYW4PKFV\">Adquiere AQU\u00cd la Versi\u00f3n impresa para M\u00e9xico<\/a><\/p>\n","protected":false},"excerpt":{"rendered":"<h3 class=\"western\">Libro PDF de los Rosarios Meditados<\/h3>\n<p class=\"western\" lang=\"es-MX\">Con el modo de rezar 13 rosarios meditando respuestas, fortaleza, ayuda y gu\u00eda en la diaria batalla. (5<span style=\"font-family: Book Antiqua, serif;\">7<\/span><span style=\"font-family: Book Antiqua, serif;\">3<\/span> p\u00e1ginas de libro digital)<\/p>\n","protected":false},"featured_media":9078,"comment_status":"open","ping_status":"closed","template":"","meta":{"om_disable_all_campaigns":false,"_monsterinsights_skip_tracking":false,"_monsterinsights_sitenote_active":false,"_monsterinsights_sitenote_note":"","_monsterinsights_sitenote_category":0,"_uf_show_specific_survey":0,"_uf_disable_surveys":false},"product_brand":[],"product_cat":[49,94,44,42,405,128],"product_tag":[286,281,290,288,304,291,301,285,299,296,279,283,284,302,295,293,298,292,137,305,294,287,136,282,280,297,303,289,300],"class_list":{"0":"post-8921","1":"product","2":"type-product","3":"status-publish","4":"has-post-thumbnail","6":"product_cat-rosario","7":"product_cat-consultorio","8":"product_cat-libro-digital","9":"product_cat-difuntos","10":"product_cat-pdf","11":"product_cat-taller-de-oracion-y-meditacion","12":"product_tag-catolico","13":"product_tag-compendio","14":"product_tag-compra-en-linea","15":"product_tag-consejero","16":"product_tag-deposito","17":"product_tag-descarga-pdf","18":"product_tag-digital","19":"product_tag-dios","20":"product_tag-espiritu-santo","21":"product_tag-fatima-guadalupe","22":"product_tag-libro","23":"product_tag-libro-anseidad","24":"product_tag-libro-depresion","25":"product_tag-libro-digital","26":"product_tag-lourdes","27":"product_tag-maria","28":"product_tag-novenario","29":"product_tag-oferta","30":"product_tag-oracion","31":"product_tag-oxxo","32":"product_tag-paz-interior","33":"product_tag-reconciliacion-de-pareja","34":"product_tag-rosario","35":"product_tag-rosario-difuntos","36":"product_tag-rosario-meditado","37":"product_tag-rosarios","38":"product_tag-tarjeta-de-credito","39":"product_tag-terapeuta","40":"product_tag-venta","42":"first","43":"instock","44":"sale","45":"downloadable","46":"virtual","47":"purchasable","48":"product-type-simple"},"wppr_data":{"cwp_meta_box_check":"No"},"yoast_head":"<!-- This site is optimized with the Yoast SEO plugin v26.1.1 - https:\/\/yoast.com\/wordpress\/plugins\/seo\/ -->\n<title>El Libro PDF de los Rosarios Meditados, Celebraci\u00f3n de Amor - Tienda en Mision de Amor<\/title>\n<meta name=\"description\" content=\"El libro Cat\u00f3lico en PDF para rezar el rosario meditando respuestas, fortaleza, ayuda y gu\u00eda en la diaria batalla. Tradicionales y 12 versiones enfocadas a las necesidades y conflicto.\" \/>\n<meta name=\"robots\" content=\"index, follow, max-snippet:-1, max-image-preview:large, max-video-preview:-1\" \/>\n<link rel=\"canonical\" href=\"https:\/\/misiondeamor.com.mx\/tienda\/producto\/libr001\/\" \/>\n<meta property=\"og:locale\" content=\"es_ES\" \/>\n<meta property=\"og:type\" content=\"article\" \/>\n<meta property=\"og:title\" content=\"El Libro PDF de los Rosarios Meditados, Celebraci\u00f3n de Amor - Tienda en Mision de Amor\" \/>\n<meta property=\"og:description\" content=\"El libro Cat\u00f3lico en PDF para rezar el rosario meditando respuestas, fortaleza, ayuda y gu\u00eda en la diaria batalla. Tradicionales y 12 versiones enfocadas a las necesidades y conflicto.\" \/>\n<meta property=\"og:url\" content=\"https:\/\/misiondeamor.com.mx\/tienda\/producto\/libr001\/\" \/>\n<meta property=\"og:site_name\" content=\"Tienda en Mision de Amor\" \/>\n<meta property=\"article:publisher\" content=\"https:\/\/www.facebook.com\/tiendademision\" \/>\n<meta property=\"article:modified_time\" content=\"2023-06-29T03:50:02+00:00\" \/>\n<meta property=\"og:image\" content=\"https:\/\/misiondeamor.com.mx\/tienda\/wp-content\/uploads\/2021\/08\/1687991745.png\" \/>\n\t<meta property=\"og:image:width\" content=\"1000\" \/>\n\t<meta property=\"og:image:height\" content=\"2000\" \/>\n\t<meta property=\"og:image:type\" content=\"image\/png\" \/>\n<meta name=\"twitter:card\" content=\"summary_large_image\" \/>\n<meta name=\"twitter:site\" content=\"@misiondeamormx2\" \/>\n<meta name=\"twitter:label1\" content=\"Tiempo de lectura\" \/>\n\t<meta name=\"twitter:data1\" content=\"2 minutos\" \/>\n<!-- \/ Yoast SEO plugin. -->","yoast_head_json":{"title":"El Libro PDF de los Rosarios Meditados, Celebraci\u00f3n de Amor - Tienda en Mision de Amor","description":"El libro Cat\u00f3lico en PDF para rezar el rosario meditando respuestas, fortaleza, ayuda y gu\u00eda en la diaria batalla. Tradicionales y 12 versiones enfocadas a las necesidades y conflicto.","robots":{"index":"index","follow":"follow","max-snippet":"max-snippet:-1","max-image-preview":"max-image-preview:large","max-video-preview":"max-video-preview:-1"},"canonical":"https:\/\/misiondeamor.com.mx\/tienda\/producto\/libr001\/","og_locale":"es_ES","og_type":"article","og_title":"El Libro PDF de los Rosarios Meditados, Celebraci\u00f3n de Amor - Tienda en Mision de Amor","og_description":"El libro Cat\u00f3lico en PDF para rezar el rosario meditando respuestas, fortaleza, ayuda y gu\u00eda en la diaria batalla. Tradicionales y 12 versiones enfocadas a las necesidades y conflicto.","og_url":"https:\/\/misiondeamor.com.mx\/tienda\/producto\/libr001\/","og_site_name":"Tienda en Mision de Amor","article_publisher":"https:\/\/www.facebook.com\/tiendademision","article_modified_time":"2023-06-29T03:50:02+00:00","og_image":[{"width":1000,"height":2000,"url":"https:\/\/misiondeamor.com.mx\/tienda\/wp-content\/uploads\/2021\/08\/1687991745.png","type":"image\/png"}],"twitter_card":"summary_large_image","twitter_site":"@misiondeamormx2","twitter_misc":{"Tiempo de lectura":"2 minutos"},"schema":{"@context":"https:\/\/schema.org","@graph":[{"@type":"WebPage","@id":"https:\/\/misiondeamor.com.mx\/tienda\/producto\/libr001\/","url":"https:\/\/misiondeamor.com.mx\/tienda\/producto\/libr001\/","name":"El Libro PDF de los Rosarios Meditados, Celebraci\u00f3n de Amor - Tienda en Mision de Amor","isPartOf":{"@id":"https:\/\/misiondeamor.com.mx\/tienda\/#website"},"primaryImageOfPage":{"@id":"https:\/\/misiondeamor.com.mx\/tienda\/producto\/libr001\/#primaryimage"},"image":{"@id":"https:\/\/misiondeamor.com.mx\/tienda\/producto\/libr001\/#primaryimage"},"thumbnailUrl":"https:\/\/misiondeamor.com.mx\/tienda\/wp-content\/uploads\/2021\/08\/1687991745.png","datePublished":"2021-08-10T04:17:36+00:00","dateModified":"2023-06-29T03:50:02+00:00","description":"El libro Cat\u00f3lico en PDF para rezar el rosario meditando respuestas, fortaleza, ayuda y gu\u00eda en la diaria batalla. Tradicionales y 12 versiones enfocadas a las necesidades y conflicto.","breadcrumb":{"@id":"https:\/\/misiondeamor.com.mx\/tienda\/producto\/libr001\/#breadcrumb"},"inLanguage":"es","potentialAction":[{"@type":"ReadAction","target":["https:\/\/misiondeamor.com.mx\/tienda\/producto\/libr001\/"]}]},{"@type":"ImageObject","inLanguage":"es","@id":"https:\/\/misiondeamor.com.mx\/tienda\/producto\/libr001\/#primaryimage","url":"https:\/\/misiondeamor.com.mx\/tienda\/wp-content\/uploads\/2021\/08\/1687991745.png","contentUrl":"https:\/\/misiondeamor.com.mx\/tienda\/wp-content\/uploads\/2021\/08\/1687991745.png","width":1000,"height":2000},{"@type":"BreadcrumbList","@id":"https:\/\/misiondeamor.com.mx\/tienda\/producto\/libr001\/#breadcrumb","itemListElement":[{"@type":"ListItem","position":1,"name":"Portada","item":"https:\/\/misiondeamor.com.mx\/tienda\/"},{"@type":"ListItem","position":2,"name":"Publicaciones","item":"https:\/\/misiondeamor.com.mx\/tienda\/"},{"@type":"ListItem","position":3,"name":"El Libro PDF de los Rosarios Meditados, Celebraci\u00f3n de Amor"}]},{"@type":"WebSite","@id":"https:\/\/misiondeamor.com.mx\/tienda\/#website","url":"https:\/\/misiondeamor.com.mx\/tienda\/","name":"Tienda en Mision de Amor","description":"Productos y servicios en Misi\u00f3n de Amor","publisher":{"@id":"https:\/\/misiondeamor.com.mx\/tienda\/#organization"},"potentialAction":[{"@type":"SearchAction","target":{"@type":"EntryPoint","urlTemplate":"https:\/\/misiondeamor.com.mx\/tienda\/?s={search_term_string}"},"query-input":{"@type":"PropertyValueSpecification","valueRequired":true,"valueName":"search_term_string"}}],"inLanguage":"es"},{"@type":"Organization","@id":"https:\/\/misiondeamor.com.mx\/tienda\/#organization","name":"Misi\u00f3n de Amor","url":"https:\/\/misiondeamor.com.mx\/tienda\/","logo":{"@type":"ImageObject","inLanguage":"es","@id":"https:\/\/misiondeamor.com.mx\/tienda\/#\/schema\/logo\/image\/","url":"https:\/\/misiondeamor.com.mx\/tienda\/wp-content\/uploads\/2019\/08\/logotienda2019-e1566319984887.png","contentUrl":"https:\/\/misiondeamor.com.mx\/tienda\/wp-content\/uploads\/2019\/08\/logotienda2019-e1566319984887.png","width":150,"height":150,"caption":"Misi\u00f3n de Amor"},"image":{"@id":"https:\/\/misiondeamor.com.mx\/tienda\/#\/schema\/logo\/image\/"},"sameAs":["https:\/\/www.facebook.com\/tiendademision","https:\/\/x.com\/misiondeamormx2","https:\/\/www.youtube.com\/misiondeamormx"]}]}},"amp_enabled":true,"_links":{"self":[{"href":"https:\/\/misiondeamor.com.mx\/tienda\/wp-json\/wp\/v2\/product\/8921","targetHints":{"allow":["GET"]}}],"collection":[{"href":"https:\/\/misiondeamor.com.mx\/tienda\/wp-json\/wp\/v2\/product"}],"about":[{"href":"https:\/\/misiondeamor.com.mx\/tienda\/wp-json\/wp\/v2\/types\/product"}],"replies":[{"embeddable":true,"href":"https:\/\/misiondeamor.com.mx\/tienda\/wp-json\/wp\/v2\/comments?post=8921"}],"wp:featuredmedia":[{"embeddable":true,"href":"https:\/\/misiondeamor.com.mx\/tienda\/wp-json\/wp\/v2\/media\/9078"}],"wp:attachment":[{"href":"https:\/\/misiondeamor.com.mx\/tienda\/wp-json\/wp\/v2\/media?parent=8921"}],"wp:term":[{"taxonomy":"product_brand","embeddable":true,"href":"https:\/\/misiondeamor.com.mx\/tienda\/wp-json\/wp\/v2\/product_brand?post=8921"},{"taxonomy":"product_cat","embeddable":true,"href":"https:\/\/misiondeamor.com.mx\/tienda\/wp-json\/wp\/v2\/product_cat?post=8921"},{"taxonomy":"product_tag","embeddable":true,"href":"https:\/\/misiondeamor.com.mx\/tienda\/wp-json\/wp\/v2\/product_tag?post=8921"}],"curies":[{"name":"wp","href":"https:\/\/api.w.org\/{rel}","templated":true}]}}