{"id":9059,"date":"2023-02-07T21:45:03","date_gmt":"2023-02-08T03:45:03","guid":{"rendered":"https:\/\/misiondeamor.com.mx\/tienda\/?post_type=product&#038;p=9059"},"modified":"2023-06-28T23:26:00","modified_gmt":"2023-06-29T04:26:00","slug":"libro-de-los-rosarios-meditados-celebracion-de-amor-spanish-edition","status":"publish","type":"product","link":"https:\/\/misiondeamor.com.mx\/tienda\/producto\/libro-de-los-rosarios-meditados-celebracion-de-amor-spanish-edition\/","title":{"rendered":"Libro Impreso de los rosarios meditados: Celebraci\u00f3n de Amor (Spanish Edition)"},"content":{"rendered":"<p>El libro de los rosarios meditados. Resulta de 15 a\u00f1os descubriendo el di\u00e1logo interno y la evoluci\u00f3n de la Celebraci\u00f3n de Amor con el Santo Rosario, tesoro de la espiritualidad.<\/p>\n<ol>\n<li>Adem\u00e1s de contener las meditaciones sobre cada uno de los quince misterios de la vida de Cristo que propone la iglesia (4 versiones).<\/li>\n<li>Tambi\u00e9n miramos a Jes\u00fas desde los ojos de Mar\u00eda: dolor, gozo, gloria y luz (1 versi\u00f3n).<\/li>\n<li>Descansamos en los misterios de tu vida (5 versiones).<\/li>\n<li>Descubrimos la paz interior (1 versi\u00f3n).<\/li>\n<li>Luchamos por la reconciliaci\u00f3n de pareja (5 versiones).<\/li>\n<li>Pedimos la restauraci\u00f3n y la prosperidad (1 versi\u00f3n).<\/li>\n<li>Confirmamos la presencia de la misericordia del Padre Nuestro en los milagros de Cristo para el alivio del alma y la curaci\u00f3n del cuerpo (1 versi\u00f3n).<\/li>\n<li>Intercedemos por los difuntos (4 versiones).<\/li>\n<li>Rogamos por el Buen temporal (1 versi\u00f3n).<\/li>\n<li>Y despertamos el Amor al Esp\u00edritu Santo (1 versi\u00f3n).<\/li>\n<\/ol>\n","protected":false},"excerpt":{"rendered":"<p>Libro Impreso con portada en pasta blanda o dura.<br \/>\nEnvio a tu casa<\/p>\n","protected":false},"featured_media":9077,"comment_status":"open","ping_status":"closed","template":"","meta":{"om_disable_all_campaigns":false,"_monsterinsights_skip_tracking":false,"_monsterinsights_sitenote_active":false,"_monsterinsights_sitenote_note":"","_monsterinsights_sitenote_category":0,"_uf_show_specific_survey":0,"_uf_disable_surveys":false},"product_brand":[],"product_cat":[49,406,44,42,79],"product_tag":[39,391,296,35,36,37,164],"class_list":{"0":"post-9059","1":"product","2":"type-product","3":"status-publish","4":"has-post-thumbnail","6":"product_cat-rosario","7":"product_cat-impreso","8":"product_cat-libro-digital","9":"product_cat-difuntos","10":"product_cat-pareja","11":"product_tag-publiaciones-difuntos","12":"product_tag-el-santo-rosario","13":"product_tag-fatima-guadalupe","14":"product_tag-grabaciones-meditacion","15":"product_tag-grabaciones-oraciones","16":"product_tag-grabaciones-perdon","17":"product_tag-salud","19":"first","20":"instock","21":"product-type-external"},"wppr_data":{"cwp_meta_box_check":"No"},"yoast_head":"<!-- This site is optimized with the Yoast SEO plugin v26.1.1 - https:\/\/yoast.com\/wordpress\/plugins\/seo\/ -->\n<title>Libro Impreso de los rosarios meditados: Celebraci\u00f3n de Amor (Spanish Edition) - Tienda en Mision de Amor<\/title>\n<meta name=\"description\" content=\"El libro de los rosarios meditados, Son 15 a\u00f1os descubriendo el di\u00e1logo interno de la Celebraci\u00f3n de Amor del Santo Rosario, tesoro de la espiritualidad.\" \/>\n<meta name=\"robots\" content=\"index, follow, max-snippet:-1, max-image-preview:large, max-video-preview:-1\" \/>\n<link rel=\"canonical\" href=\"https:\/\/misiondeamor.com.mx\/tienda\/producto\/libro-de-los-rosarios-meditados-celebracion-de-amor-spanish-edition\/\" \/>\n<meta property=\"og:locale\" content=\"es_ES\" \/>\n<meta property=\"og:type\" content=\"article\" \/>\n<meta property=\"og:title\" content=\"Libro Impreso de los rosarios meditados: Celebraci\u00f3n de Amor (Spanish Edition) - Tienda en Mision de Amor\" \/>\n<meta property=\"og:description\" content=\"El libro de los rosarios meditados, Son 15 a\u00f1os descubriendo el di\u00e1logo interno de la Celebraci\u00f3n de Amor del Santo Rosario, tesoro de la espiritualidad.\" \/>\n<meta property=\"og:url\" content=\"https:\/\/misiondeamor.com.mx\/tienda\/producto\/libro-de-los-rosarios-meditados-celebracion-de-amor-spanish-edition\/\" \/>\n<meta property=\"og:site_name\" content=\"Tienda en Mision de Amor\" \/>\n<meta property=\"article:publisher\" content=\"https:\/\/www.facebook.com\/tiendademision\" \/>\n<meta property=\"article:modified_time\" content=\"2023-06-29T04:26:00+00:00\" \/>\n<meta property=\"og:image\" content=\"https:\/\/misiondeamor.com.mx\/tienda\/wp-content\/uploads\/2023\/02\/1687915108.png\" \/>\n\t<meta property=\"og:image:width\" content=\"2200\" \/>\n\t<meta property=\"og:image:height\" content=\"1250\" \/>\n\t<meta property=\"og:image:type\" content=\"image\/png\" \/>\n<meta name=\"twitter:card\" content=\"summary_large_image\" \/>\n<meta name=\"twitter:site\" content=\"@misiondeamormx2\" \/>\n<meta name=\"twitter:label1\" content=\"Tiempo de lectura\" \/>\n\t<meta name=\"twitter:data1\" content=\"1 minuto\" \/>\n<!-- \/ Yoast SEO plugin. -->","yoast_head_json":{"title":"Libro Impreso de los rosarios meditados: Celebraci\u00f3n de Amor (Spanish Edition) - Tienda en Mision de Amor","description":"El libro de los rosarios meditados, Son 15 a\u00f1os descubriendo el di\u00e1logo interno de la Celebraci\u00f3n de Amor del Santo Rosario, tesoro de la espiritualidad.","robots":{"index":"index","follow":"follow","max-snippet":"max-snippet:-1","max-image-preview":"max-image-preview:large","max-video-preview":"max-video-preview:-1"},"canonical":"https:\/\/misiondeamor.com.mx\/tienda\/producto\/libro-de-los-rosarios-meditados-celebracion-de-amor-spanish-edition\/","og_locale":"es_ES","og_type":"article","og_title":"Libro Impreso de los rosarios meditados: Celebraci\u00f3n de Amor (Spanish Edition) - Tienda en Mision de Amor","og_description":"El libro de los rosarios meditados, Son 15 a\u00f1os descubriendo el di\u00e1logo interno de la Celebraci\u00f3n de Amor del Santo Rosario, tesoro de la espiritualidad.","og_url":"https:\/\/misiondeamor.com.mx\/tienda\/producto\/libro-de-los-rosarios-meditados-celebracion-de-amor-spanish-edition\/","og_site_name":"Tienda en Mision de Amor","article_publisher":"https:\/\/www.facebook.com\/tiendademision","article_modified_time":"2023-06-29T04:26:00+00:00","og_image":[{"width":2200,"height":1250,"url":"https:\/\/misiondeamor.com.mx\/tienda\/wp-content\/uploads\/2023\/02\/1687915108.png","type":"image\/png"}],"twitter_card":"summary_large_image","twitter_site":"@misiondeamormx2","twitter_misc":{"Tiempo de lectura":"1 minuto"},"schema":{"@context":"https:\/\/schema.org","@graph":[{"@type":"WebPage","@id":"https:\/\/misiondeamor.com.mx\/tienda\/producto\/libro-de-los-rosarios-meditados-celebracion-de-amor-spanish-edition\/","url":"https:\/\/misiondeamor.com.mx\/tienda\/producto\/libro-de-los-rosarios-meditados-celebracion-de-amor-spanish-edition\/","name":"Libro Impreso de los rosarios meditados: Celebraci\u00f3n de Amor (Spanish Edition) - Tienda en Mision de Amor","isPartOf":{"@id":"https:\/\/misiondeamor.com.mx\/tienda\/#website"},"primaryImageOfPage":{"@id":"https:\/\/misiondeamor.com.mx\/tienda\/producto\/libro-de-los-rosarios-meditados-celebracion-de-amor-spanish-edition\/#primaryimage"},"image":{"@id":"https:\/\/misiondeamor.com.mx\/tienda\/producto\/libro-de-los-rosarios-meditados-celebracion-de-amor-spanish-edition\/#primaryimage"},"thumbnailUrl":"https:\/\/misiondeamor.com.mx\/tienda\/wp-content\/uploads\/2023\/02\/1687915108.png","datePublished":"2023-02-08T03:45:03+00:00","dateModified":"2023-06-29T04:26:00+00:00","description":"El libro de los rosarios meditados, Son 15 a\u00f1os descubriendo el di\u00e1logo interno de la Celebraci\u00f3n de Amor del Santo Rosario, tesoro de la espiritualidad.","breadcrumb":{"@id":"https:\/\/misiondeamor.com.mx\/tienda\/producto\/libro-de-los-rosarios-meditados-celebracion-de-amor-spanish-edition\/#breadcrumb"},"inLanguage":"es","potentialAction":[{"@type":"ReadAction","target":["https:\/\/misiondeamor.com.mx\/tienda\/producto\/libro-de-los-rosarios-meditados-celebracion-de-amor-spanish-edition\/"]}]},{"@type":"ImageObject","inLanguage":"es","@id":"https:\/\/misiondeamor.com.mx\/tienda\/producto\/libro-de-los-rosarios-meditados-celebracion-de-amor-spanish-edition\/#primaryimage","url":"https:\/\/misiondeamor.com.mx\/tienda\/wp-content\/uploads\/2023\/02\/1687915108.png","contentUrl":"https:\/\/misiondeamor.com.mx\/tienda\/wp-content\/uploads\/2023\/02\/1687915108.png","width":2200,"height":1250},{"@type":"BreadcrumbList","@id":"https:\/\/misiondeamor.com.mx\/tienda\/producto\/libro-de-los-rosarios-meditados-celebracion-de-amor-spanish-edition\/#breadcrumb","itemListElement":[{"@type":"ListItem","position":1,"name":"Portada","item":"https:\/\/misiondeamor.com.mx\/tienda\/"},{"@type":"ListItem","position":2,"name":"Publicaciones","item":"https:\/\/misiondeamor.com.mx\/tienda\/"},{"@type":"ListItem","position":3,"name":"Libro Impreso de los rosarios meditados: Celebraci\u00f3n de Amor (Spanish Edition)"}]},{"@type":"WebSite","@id":"https:\/\/misiondeamor.com.mx\/tienda\/#website","url":"https:\/\/misiondeamor.com.mx\/tienda\/","name":"Tienda en Mision de Amor","description":"Productos y servicios en Misi\u00f3n de Amor","publisher":{"@id":"https:\/\/misiondeamor.com.mx\/tienda\/#organization"},"potentialAction":[{"@type":"SearchAction","target":{"@type":"EntryPoint","urlTemplate":"https:\/\/misiondeamor.com.mx\/tienda\/?s={search_term_string}"},"query-input":{"@type":"PropertyValueSpecification","valueRequired":true,"valueName":"search_term_string"}}],"inLanguage":"es"},{"@type":"Organization","@id":"https:\/\/misiondeamor.com.mx\/tienda\/#organization","name":"Misi\u00f3n de Amor","url":"https:\/\/misiondeamor.com.mx\/tienda\/","logo":{"@type":"ImageObject","inLanguage":"es","@id":"https:\/\/misiondeamor.com.mx\/tienda\/#\/schema\/logo\/image\/","url":"https:\/\/misiondeamor.com.mx\/tienda\/wp-content\/uploads\/2019\/08\/logotienda2019-e1566319984887.png","contentUrl":"https:\/\/misiondeamor.com.mx\/tienda\/wp-content\/uploads\/2019\/08\/logotienda2019-e1566319984887.png","width":150,"height":150,"caption":"Misi\u00f3n de Amor"},"image":{"@id":"https:\/\/misiondeamor.com.mx\/tienda\/#\/schema\/logo\/image\/"},"sameAs":["https:\/\/www.facebook.com\/tiendademision","https:\/\/x.com\/misiondeamormx2","https:\/\/www.youtube.com\/misiondeamormx"]}]}},"amp_enabled":true,"_links":{"self":[{"href":"https:\/\/misiondeamor.com.mx\/tienda\/wp-json\/wp\/v2\/product\/9059","targetHints":{"allow":["GET"]}}],"collection":[{"href":"https:\/\/misiondeamor.com.mx\/tienda\/wp-json\/wp\/v2\/product"}],"about":[{"href":"https:\/\/misiondeamor.com.mx\/tienda\/wp-json\/wp\/v2\/types\/product"}],"replies":[{"embeddable":true,"href":"https:\/\/misiondeamor.com.mx\/tienda\/wp-json\/wp\/v2\/comments?post=9059"}],"wp:featuredmedia":[{"embeddable":true,"href":"https:\/\/misiondeamor.com.mx\/tienda\/wp-json\/wp\/v2\/media\/9077"}],"wp:attachment":[{"href":"https:\/\/misiondeamor.com.mx\/tienda\/wp-json\/wp\/v2\/media?parent=9059"}],"wp:term":[{"taxonomy":"product_brand","embeddable":true,"href":"https:\/\/misiondeamor.com.mx\/tienda\/wp-json\/wp\/v2\/product_brand?post=9059"},{"taxonomy":"product_cat","embeddable":true,"href":"https:\/\/misiondeamor.com.mx\/tienda\/wp-json\/wp\/v2\/product_cat?post=9059"},{"taxonomy":"product_tag","embeddable":true,"href":"https:\/\/misiondeamor.com.mx\/tienda\/wp-json\/wp\/v2\/product_tag?post=9059"}],"curies":[{"name":"wp","href":"https:\/\/api.w.org\/{rel}","templated":true}]}}