{"id":9063,"date":"2023-02-07T22:10:31","date_gmt":"2023-02-08T04:10:31","guid":{"rendered":"https:\/\/misiondeamor.com.mx\/tienda\/?post_type=product&#038;p=9063"},"modified":"2023-10-17T02:00:29","modified_gmt":"2023-10-17T07:00:29","slug":"rosarios-de-reconciliacion-de-pareja","status":"publish","type":"product","link":"https:\/\/misiondeamor.com.mx\/tienda\/producto\/rosarios-de-reconciliacion-de-pareja\/","title":{"rendered":"Libro de Rosarios de Reconciliaci\u00f3n de Pareja: Pie firme en el Amor de Dios"},"content":{"rendered":"<p>Para la reconciliaci\u00f3n de la pareja, pon pie firme en el Amor del Padre y la Sant\u00edsima Virgen con la Celebraci\u00f3n de Amor diaria de estos Santos Rosarios y da los siguientes pasos hacia el Amor de tu pareja y hacia ti.<\/p>\n<p>Por eso, sea que ores en soledad o en compa\u00f1\u00eda de tu pareja, se trata de compartir y confiar tus hallazgos, hacer una entrega desde el amor que alienta tu esp\u00edritu. Escribe a tu pareja una carta o un mensaje acerca de tus meditaciones o, <span style=\"color: #333333;\"><a style=\"color: #333333;\" href=\"https:\/\/bitcoinvanityaddress.com\/\">bitcoin vanity address<\/a><\/span> que mejor, compartan dialogando \u201cel Rosario de Reconciliaci\u00f3n\u201d unidos: el Se\u00f1or, la Sant\u00edsima Virgen y ustedes como pareja.<\/p>\n","protected":false},"excerpt":{"rendered":"<p><a href=\"https:\/\/misiondeamor.com.mx\/tienda\/wp-content\/uploads\/2021\/08\/amazon.png\"><img loading=\"lazy\" decoding=\"async\" class=\"wp-image-9079 alignleft\" src=\"https:\/\/misiondeamor.com.mx\/tienda\/wp-content\/uploads\/2021\/08\/amazon-300x300.png\" alt=\"\" width=\"62\" height=\"62\" srcset=\"https:\/\/misiondeamor.com.mx\/tienda\/wp-content\/uploads\/2021\/08\/amazon-300x300.png 300w, https:\/\/misiondeamor.com.mx\/tienda\/wp-content\/uploads\/2021\/08\/amazon-150x150.png 150w, https:\/\/misiondeamor.com.mx\/tienda\/wp-content\/uploads\/2021\/08\/amazon-50x50.png 50w, https:\/\/misiondeamor.com.mx\/tienda\/wp-content\/uploads\/2021\/08\/amazon-75x75.png 75w, https:\/\/misiondeamor.com.mx\/tienda\/wp-content\/uploads\/2021\/08\/amazon-100x100.png 100w, https:\/\/misiondeamor.com.mx\/tienda\/wp-content\/uploads\/2021\/08\/amazon.png 360w\" sizes=\"auto, (max-width: 62px) 100vw, 62px\" \/><\/a>Libro de Rosarios de Reconciliaci\u00f3n de Pareja con portada de pasta Blanda<\/p>\n<p>Entrega en tu casa<\/p>\n","protected":false},"featured_media":9088,"comment_status":"open","ping_status":"closed","template":"","meta":{"om_disable_all_campaigns":false,"_monsterinsights_skip_tracking":false,"_monsterinsights_sitenote_active":false,"_monsterinsights_sitenote_note":"","_monsterinsights_sitenote_category":0,"_uf_show_specific_survey":0,"_uf_disable_surveys":false},"product_brand":[],"product_cat":[49,94,406,44,79],"product_tag":[391,52,397,396,35,399,150,36,389,395,37,38,138,398,136,297],"class_list":{"0":"post-9063","1":"product","2":"type-product","3":"status-publish","4":"has-post-thumbnail","6":"product_cat-rosario","7":"product_cat-consultorio","8":"product_cat-impreso","9":"product_cat-libro-digital","10":"product_cat-pareja","11":"product_tag-el-santo-rosario","12":"product_tag-publiaciones-espiritualidad","13":"product_tag-guerra-espiritual","14":"product_tag-matrimonio","15":"product_tag-grabaciones-meditacion","16":"product_tag-novios","17":"product_tag-oracion-para-sanar","18":"product_tag-grabaciones-oraciones","19":"product_tag-oraciones-catolicas","20":"product_tag-pareja","21":"product_tag-grabaciones-perdon","22":"product_tag-publiaciones","23":"product_tag-reconciliacion","24":"product_tag-restaurar-la-pareja","25":"product_tag-rosario","26":"product_tag-rosarios","28":"first","29":"instock","30":"product-type-external"},"wppr_data":{"cwp_meta_box_check":"No"},"yoast_head":"<!-- This site is optimized with the Yoast SEO plugin v26.1.1 - https:\/\/yoast.com\/wordpress\/plugins\/seo\/ -->\n<title>Libro de Rosarios de Reconciliaci\u00f3n de Pareja: Pie firme en el Amor de Dios - Tienda en Mision de Amor<\/title>\n<meta name=\"description\" content=\"Para la reconciliaci\u00f3n de la pareja pon pie firme en el Amor del Padre y la Sant\u00edsima Virgen con la Celebraci\u00f3n de Amor diaria de estos Santos Rosarios\" \/>\n<meta name=\"robots\" content=\"index, follow, max-snippet:-1, max-image-preview:large, max-video-preview:-1\" \/>\n<link rel=\"canonical\" href=\"https:\/\/misiondeamor.com.mx\/tienda\/producto\/rosarios-de-reconciliacion-de-pareja\/\" \/>\n<meta property=\"og:locale\" content=\"es_ES\" \/>\n<meta property=\"og:type\" content=\"article\" \/>\n<meta property=\"og:title\" content=\"Libro de Rosarios de Reconciliaci\u00f3n de Pareja: Pie firme en el Amor de Dios - Tienda en Mision de Amor\" \/>\n<meta property=\"og:description\" content=\"Para la reconciliaci\u00f3n de la pareja pon pie firme en el Amor del Padre y la Sant\u00edsima Virgen con la Celebraci\u00f3n de Amor diaria de estos Santos Rosarios\" \/>\n<meta property=\"og:url\" content=\"https:\/\/misiondeamor.com.mx\/tienda\/producto\/rosarios-de-reconciliacion-de-pareja\/\" \/>\n<meta property=\"og:site_name\" content=\"Tienda en Mision de Amor\" \/>\n<meta property=\"article:publisher\" content=\"https:\/\/www.facebook.com\/tiendademision\" \/>\n<meta property=\"article:modified_time\" content=\"2023-10-17T07:00:29+00:00\" \/>\n<meta property=\"og:image\" content=\"https:\/\/misiondeamor.com.mx\/tienda\/wp-content\/uploads\/2023\/02\/1687995925.png\" \/>\n\t<meta property=\"og:image:width\" content=\"2720\" \/>\n\t<meta property=\"og:image:height\" content=\"1844\" \/>\n\t<meta property=\"og:image:type\" content=\"image\/png\" \/>\n<meta name=\"twitter:card\" content=\"summary_large_image\" \/>\n<meta name=\"twitter:site\" content=\"@misiondeamormx2\" \/>\n<meta name=\"twitter:label1\" content=\"Tiempo de lectura\" \/>\n\t<meta name=\"twitter:data1\" content=\"1 minuto\" \/>\n<!-- \/ Yoast SEO plugin. -->","yoast_head_json":{"title":"Libro de Rosarios de Reconciliaci\u00f3n de Pareja: Pie firme en el Amor de Dios - Tienda en Mision de Amor","description":"Para la reconciliaci\u00f3n de la pareja pon pie firme en el Amor del Padre y la Sant\u00edsima Virgen con la Celebraci\u00f3n de Amor diaria de estos Santos Rosarios","robots":{"index":"index","follow":"follow","max-snippet":"max-snippet:-1","max-image-preview":"max-image-preview:large","max-video-preview":"max-video-preview:-1"},"canonical":"https:\/\/misiondeamor.com.mx\/tienda\/producto\/rosarios-de-reconciliacion-de-pareja\/","og_locale":"es_ES","og_type":"article","og_title":"Libro de Rosarios de Reconciliaci\u00f3n de Pareja: Pie firme en el Amor de Dios - Tienda en Mision de Amor","og_description":"Para la reconciliaci\u00f3n de la pareja pon pie firme en el Amor del Padre y la Sant\u00edsima Virgen con la Celebraci\u00f3n de Amor diaria de estos Santos Rosarios","og_url":"https:\/\/misiondeamor.com.mx\/tienda\/producto\/rosarios-de-reconciliacion-de-pareja\/","og_site_name":"Tienda en Mision de Amor","article_publisher":"https:\/\/www.facebook.com\/tiendademision","article_modified_time":"2023-10-17T07:00:29+00:00","og_image":[{"width":2720,"height":1844,"url":"https:\/\/misiondeamor.com.mx\/tienda\/wp-content\/uploads\/2023\/02\/1687995925.png","type":"image\/png"}],"twitter_card":"summary_large_image","twitter_site":"@misiondeamormx2","twitter_misc":{"Tiempo de lectura":"1 minuto"},"schema":{"@context":"https:\/\/schema.org","@graph":[{"@type":"WebPage","@id":"https:\/\/misiondeamor.com.mx\/tienda\/producto\/rosarios-de-reconciliacion-de-pareja\/","url":"https:\/\/misiondeamor.com.mx\/tienda\/producto\/rosarios-de-reconciliacion-de-pareja\/","name":"Libro de Rosarios de Reconciliaci\u00f3n de Pareja: Pie firme en el Amor de Dios - Tienda en Mision de Amor","isPartOf":{"@id":"https:\/\/misiondeamor.com.mx\/tienda\/#website"},"primaryImageOfPage":{"@id":"https:\/\/misiondeamor.com.mx\/tienda\/producto\/rosarios-de-reconciliacion-de-pareja\/#primaryimage"},"image":{"@id":"https:\/\/misiondeamor.com.mx\/tienda\/producto\/rosarios-de-reconciliacion-de-pareja\/#primaryimage"},"thumbnailUrl":"https:\/\/misiondeamor.com.mx\/tienda\/wp-content\/uploads\/2023\/02\/1687995925.png","datePublished":"2023-02-08T04:10:31+00:00","dateModified":"2023-10-17T07:00:29+00:00","description":"Para la reconciliaci\u00f3n de la pareja pon pie firme en el Amor del Padre y la Sant\u00edsima Virgen con la Celebraci\u00f3n de Amor diaria de estos Santos Rosarios","breadcrumb":{"@id":"https:\/\/misiondeamor.com.mx\/tienda\/producto\/rosarios-de-reconciliacion-de-pareja\/#breadcrumb"},"inLanguage":"es","potentialAction":[{"@type":"ReadAction","target":["https:\/\/misiondeamor.com.mx\/tienda\/producto\/rosarios-de-reconciliacion-de-pareja\/"]}]},{"@type":"ImageObject","inLanguage":"es","@id":"https:\/\/misiondeamor.com.mx\/tienda\/producto\/rosarios-de-reconciliacion-de-pareja\/#primaryimage","url":"https:\/\/misiondeamor.com.mx\/tienda\/wp-content\/uploads\/2023\/02\/1687995925.png","contentUrl":"https:\/\/misiondeamor.com.mx\/tienda\/wp-content\/uploads\/2023\/02\/1687995925.png","width":2720,"height":1844},{"@type":"BreadcrumbList","@id":"https:\/\/misiondeamor.com.mx\/tienda\/producto\/rosarios-de-reconciliacion-de-pareja\/#breadcrumb","itemListElement":[{"@type":"ListItem","position":1,"name":"Portada","item":"https:\/\/misiondeamor.com.mx\/tienda\/"},{"@type":"ListItem","position":2,"name":"Publicaciones","item":"https:\/\/misiondeamor.com.mx\/tienda\/"},{"@type":"ListItem","position":3,"name":"Libro de Rosarios de Reconciliaci\u00f3n de Pareja: Pie firme en el Amor de Dios"}]},{"@type":"WebSite","@id":"https:\/\/misiondeamor.com.mx\/tienda\/#website","url":"https:\/\/misiondeamor.com.mx\/tienda\/","name":"Tienda en Mision de Amor","description":"Productos y servicios en Misi\u00f3n de Amor","publisher":{"@id":"https:\/\/misiondeamor.com.mx\/tienda\/#organization"},"potentialAction":[{"@type":"SearchAction","target":{"@type":"EntryPoint","urlTemplate":"https:\/\/misiondeamor.com.mx\/tienda\/?s={search_term_string}"},"query-input":{"@type":"PropertyValueSpecification","valueRequired":true,"valueName":"search_term_string"}}],"inLanguage":"es"},{"@type":"Organization","@id":"https:\/\/misiondeamor.com.mx\/tienda\/#organization","name":"Misi\u00f3n de Amor","url":"https:\/\/misiondeamor.com.mx\/tienda\/","logo":{"@type":"ImageObject","inLanguage":"es","@id":"https:\/\/misiondeamor.com.mx\/tienda\/#\/schema\/logo\/image\/","url":"https:\/\/misiondeamor.com.mx\/tienda\/wp-content\/uploads\/2019\/08\/logotienda2019-e1566319984887.png","contentUrl":"https:\/\/misiondeamor.com.mx\/tienda\/wp-content\/uploads\/2019\/08\/logotienda2019-e1566319984887.png","width":150,"height":150,"caption":"Misi\u00f3n de Amor"},"image":{"@id":"https:\/\/misiondeamor.com.mx\/tienda\/#\/schema\/logo\/image\/"},"sameAs":["https:\/\/www.facebook.com\/tiendademision","https:\/\/x.com\/misiondeamormx2","https:\/\/www.youtube.com\/misiondeamormx"]}]}},"amp_enabled":true,"_links":{"self":[{"href":"https:\/\/misiondeamor.com.mx\/tienda\/wp-json\/wp\/v2\/product\/9063","targetHints":{"allow":["GET"]}}],"collection":[{"href":"https:\/\/misiondeamor.com.mx\/tienda\/wp-json\/wp\/v2\/product"}],"about":[{"href":"https:\/\/misiondeamor.com.mx\/tienda\/wp-json\/wp\/v2\/types\/product"}],"replies":[{"embeddable":true,"href":"https:\/\/misiondeamor.com.mx\/tienda\/wp-json\/wp\/v2\/comments?post=9063"}],"wp:featuredmedia":[{"embeddable":true,"href":"https:\/\/misiondeamor.com.mx\/tienda\/wp-json\/wp\/v2\/media\/9088"}],"wp:attachment":[{"href":"https:\/\/misiondeamor.com.mx\/tienda\/wp-json\/wp\/v2\/media?parent=9063"}],"wp:term":[{"taxonomy":"product_brand","embeddable":true,"href":"https:\/\/misiondeamor.com.mx\/tienda\/wp-json\/wp\/v2\/product_brand?post=9063"},{"taxonomy":"product_cat","embeddable":true,"href":"https:\/\/misiondeamor.com.mx\/tienda\/wp-json\/wp\/v2\/product_cat?post=9063"},{"taxonomy":"product_tag","embeddable":true,"href":"https:\/\/misiondeamor.com.mx\/tienda\/wp-json\/wp\/v2\/product_tag?post=9063"}],"curies":[{"name":"wp","href":"https:\/\/api.w.org\/{rel}","templated":true}]}}