{"id":9309,"date":"2024-05-24T00:51:16","date_gmt":"2024-05-24T05:51:16","guid":{"rendered":"https:\/\/misiondeamor.com.mx\/tienda\/?post_type=product&#038;p=9309"},"modified":"2024-05-25T01:38:54","modified_gmt":"2024-05-25T06:38:54","slug":"el-milagro-del-amor","status":"publish","type":"product","link":"https:\/\/misiondeamor.com.mx\/tienda\/producto\/el-milagro-del-amor\/","title":{"rendered":"El Milagro del Amor: 40 tareas que hacen florecer tu relaci\u00f3n de pareja"},"content":{"rendered":"<p><strong><span class=\"a-text-bold\">Un viaje de 40 d\u00edas hacia un amor m\u00e1s profundo<\/span><\/strong><\/p>\n<p>&#8220;El Milagro del Amor&#8221;, del consejero Juan Manuel D&#8217;Acosta L\u00f3pez, te invita a un viaje espiritual de 40 d\u00edas para fortalecer tu relaci\u00f3n de pareja. A trav\u00e9s de un arreglo de 40 flores, cada d\u00eda cultivar\u00e1s una tarea espec\u00edfica para nutrir el amor en tu noviazgo y en tu matrimonio.<\/p>\n<p><strong><span class=\"a-text-bold\">Descubriendo el amor en lo cotidiano<\/span><\/strong><\/p>\n<p>El libro te ayuda a reconocer la presencia del amor de Dios en tu vida diaria, record\u00e1ndote que este milagro est\u00e1 siempre presente, aunque a veces lo pasamos por alto. Este arreglo floral te invita a abrir tus ojos a la expresi\u00f3n del amor divino en lo cotidiano.<\/p>\n<div class=\"_3d-flip-book  fb3d-fullscreen-mode full-size\" data-id=\"9315\" data-mode=\"fullscreen\" data-title=\"false\" data-template=\"short-white-book-view\" data-lightbox=\"dark-shadow\" data-urlparam=\"fb3d-page\" data-page-n=\"0\" data-pdf=\"\" data-tax=\"null\" data-thumbnail=\"\" data-cols=\"3\" data-book-template=\"default\" data-trigger=\"\"><\/div><script type=\"text\/javascript\">window.FB3D_CLIENT_DATA = window.FB3D_CLIENT_DATA || [];FB3D_CLIENT_DATA.push('eyJwb3N0cyI6eyI5MzE1Ijp7IklEIjo5MzE1LCJ0aXRsZSI6IkxpYnJvIEVsIE1pbGFncm8gZGVsIEFtb3I6IDQwIHRhcmVhcyBxdWUgaGFjZW4gZmxvcmVjZXIgdHUgcmVsYWNpXHUwMGYzbiBkZSBwYXJlamEiLCJ0eXBlIjoicGRmIiwicmVhZHlfZnVuY3Rpb24iOiIiLCJib29rX3N0eWxlIjoidm9sdW1lIiwiYm9va190ZW1wbGF0ZSI6Im5vbmUiLCJvdXRsaW5lIjpbXSwiZGF0YSI6eyJwb3N0X0lEIjoiOTMxOCIsImd1aWQiOiJodHRwczpcL1wvbWlzaW9uZGVhbW9yLmNvbS5teFwvdGllbmRhXC93cC1jb250ZW50XC91cGxvYWRzXC8yMDI0XC8wNVwvTGlicm8tZmxvcmVzLWRlbC1BbW9yLURpZ2l0YWwtZGVtby5wZGYiLCJwZGZfcGFnZXMiOiI0MCIsInBhZ2VzX2N1c3RvbWl6YXRpb24iOiJub25lIn0sInRodW1ibmFpbCI6eyJkYXRhIjp7InBvc3RfSUQiOiIwIn0sInR5cGUiOiJhdXRvIn0sInByb3BzIjp7ImJhY2tncm91bmRDb2xvciI6ImF1dG8iLCJiYWNrZ3JvdW5kSW1hZ2UiOiJhdXRvIiwiYmFja2dyb3VuZFN0eWxlIjoiYXV0byIsImhpZ2hsaWdodExpbmtzIjoiYXV0byIsImxpZ2h0aW5nIjoiYXV0byIsImNhY2hlZFBhZ2VzIjoiYXV0byIsInJlbmRlckluYWN0aXZlUGFnZXMiOiJhdXRvIiwicmVuZGVySW5hY3RpdmVQYWdlc09uTW9iaWxlIjoiYXV0byIsInJlbmRlcldoaWxlRmxpcHBpbmciOiJhdXRvIiwicHJlbG9hZFBhZ2VzIjoiYXV0byIsImF1dG9QbGF5RHVyYXRpb24iOiJhdXRvIiwicnRsIjoiYXV0byIsImludGVyYWN0aXZlQ29ybmVycyI6ImF1dG8iLCJtYXhEZXB0aCI6ImF1dG8iLCJzaGVldCI6eyJzdGFydFZlbG9jaXR5IjoiYXV0byIsIndhdmUiOiJhdXRvIiwic2hhcGUiOiJhdXRvIiwid2lkdGhUZXhlbHMiOiJhdXRvIiwiY29sb3IiOiJhdXRvIiwic2lkZSI6ImF1dG8iLCJjb3JuZXJEZXZpYXRpb24iOiJhdXRvIiwiZmxleGliaWxpdHkiOiJhdXRvIiwiZmxleGlibGVDb3JuZXIiOiJhdXRvIiwiYmVuZGluZyI6ImF1dG8iLCJoZWlnaHRUZXhlbHMiOiJhdXRvIn0sImNvdmVyIjp7IndhdmUiOiJhdXRvIiwiY29sb3IiOiJhdXRvIiwic2lkZSI6ImF1dG8iLCJiaW5kZXJUZXh0dXJlIjoiYXV0byIsImRlcHRoIjoiYXV0byIsInBhZGRpbmciOiJhdXRvIiwic3RhcnRWZWxvY2l0eSI6ImF1dG8iLCJmbGV4aWJpbGl0eSI6ImF1dG8iLCJmbGV4aWJsZUNvcm5lciI6ImF1dG8iLCJiZW5kaW5nIjoiYXV0byIsIndpZHRoVGV4ZWxzIjoiYXV0byIsImhlaWdodFRleGVscyI6ImF1dG8iLCJtYXNzIjoiYXV0byIsInNoYXBlIjoiYXV0byJ9LCJwYWdlIjp7IndhdmUiOiJhdXRvIiwiY29sb3IiOiJhdXRvIiwic2lkZSI6ImF1dG8iLCJkZXB0aCI6ImF1dG8iLCJzdGFydFZlbG9jaXR5IjoiYXV0byIsImZsZXhpYmlsaXR5IjoiYXV0byIsImZsZXhpYmxlQ29ybmVyIjoiYXV0byIsImJlbmRpbmciOiJhdXRvIiwid2lkdGhUZXhlbHMiOiJhdXRvIiwiaGVpZ2h0VGV4ZWxzIjoiYXV0byIsIm1hc3MiOiJhdXRvIiwic2hhcGUiOiJhdXRvIn0sImhlaWdodCI6ImF1dG8iLCJ3aWR0aCI6ImF1dG8iLCJncmF2aXR5IjoiYXV0byIsInBhZ2VzRm9yUHJlZGljdGluZyI6ImF1dG8ifSwiY29udHJvbFByb3BzIjp7ImFjdGlvbnMiOnsiY21kVG9jIjp7ImVuYWJsZWQiOiJhdXRvIiwiZW5hYmxlZEluTmFycm93IjoiYXV0byIsImFjdGl2ZSI6ImF1dG8iLCJkZWZhdWx0VGFiIjoiYXV0byJ9LCJjbWRBdXRvUGxheSI6eyJlbmFibGVkIjoiYXV0byIsImVuYWJsZWRJbk5hcnJvdyI6ImF1dG8iLCJhY3RpdmUiOiJhdXRvIn0sImNtZFNhdmUiOnsiZW5hYmxlZCI6ImF1dG8iLCJlbmFibGVkSW5OYXJyb3ciOiJhdXRvIn0sImNtZFByaW50Ijp7ImVuYWJsZWQiOiJhdXRvIiwiZW5hYmxlZEluTmFycm93IjoiYXV0byJ9LCJjbWRTaW5nbGVQYWdlIjp7ImVuYWJsZWQiOiJhdXRvIiwiZW5hYmxlZEluTmFycm93IjoiYXV0byIsImFjdGl2ZSI6ImF1dG8iLCJhY3RpdmVGb3JNb2JpbGUiOiJhdXRvIn0sIndpZFRvb2xiYXIiOnsiZW5hYmxlZCI6ImF1dG8iLCJlbmFibGVkSW5OYXJyb3ciOiJhdXRvIn19fSwiYXV0b1RodW1ibmFpbCI6Imh0dHBzOlwvXC9taXNpb25kZWFtb3IuY29tLm14XC90aWVuZGFcL3dwLWNvbnRlbnRcL3VwbG9hZHNcLzNkLWZsaXAtYm9va1wvYXV0by10aHVtYm5haWxzXC85MzE1LnBuZyIsInBvc3RfbmFtZSI6ImxpYnJvLWVsLW1pbGFncm8tZGVsLWFtb3ItNDAtdGFyZWFzLXF1ZS1oYWNlbi1mbG9yZWNlci10dS1yZWxhY2lvbiIsInBvc3RfdHlwZSI6IjNkLWZsaXAtYm9vayJ9fSwicGFnZXMiOltdLCJmaXJzdFBhZ2VzIjpbXX0=');window.FB3D_CLIENT_LOCALE && FB3D_CLIENT_LOCALE.render && FB3D_CLIENT_LOCALE.render();<\/script>\n<p><strong><span class=\"a-text-bold\">Cultivando flores de amor con dedicaci\u00f3n<\/span><\/strong><\/p>\n<p>Las 40 flores espirituales no solo son una met\u00e1fora, sino acciones concretas para cultivar el amor en tu pareja. Cada flor requiere atenci\u00f3n, cuidado y esmero, simbolizando la dedicaci\u00f3n y el esfuerzo que debes invertir en tu relaci\u00f3n.<\/p>\n<p><strong><span class=\"a-text-bold\">Un desaf\u00edo de 40 d\u00edas para un amor profundo<\/span><\/strong><\/p>\n<p>El libro propone un desaf\u00edo de 40 d\u00edas, donde cada d\u00eda te dedicar\u00e1s a cultivar una &#8220;flor de amor&#8221; diferente. Al final de cada d\u00eda, ofrecer\u00e1s esta flor a la Virgen Mar\u00eda, pidi\u00e9ndole su intercesi\u00f3n por el bienestar y la fortaleza de tu uni\u00f3n.<\/p>\n<p><strong><span class=\"a-text-bold\">Un altar de amor y renovaci\u00f3n<\/span><\/strong><\/p>\n<p>\u00bfQu\u00e9 mejor lugar para ofrecer estas flores de amor que el altar, s\u00edmbolo de la entrega total y la renovaci\u00f3n de las promesas matrimoniales? El altar se convierte en un espacio sagrado donde cultivamos nuestro amor y nos conectamos con la presencia divina.<\/p>\n<p><strong><span class=\"a-text-bold\">Oraci\u00f3n diaria por la felicidad de los novios<\/span><\/strong><\/p>\n<p>Como comunidad cat\u00f3lica de seguidores de Cristo, elevamos una oraci\u00f3n diaria a Dios, nuestro Padre, y a nuestra Madre, la Sant\u00edsima Virgen Mar\u00eda, implorando su amor, bendici\u00f3n, fortaleza y presencia sobre los novios. Deseamos que encuentren la felicidad plena en su vida de pareja y en su Misi\u00f3n de Amar.<\/p>\n<p><strong><span class=\"a-text-bold\">El matrimonio: Una entrega total<\/span><\/strong><\/p>\n<p>El matrimonio es un &#8220;Si quiero&#8221;, una entrega completa de nuestro ser a nuestra pareja. Es la uni\u00f3n del yo y el t\u00fa para convertirse en un Nosotros. En este libro, descubrimos el amor de matrimonio como una herencia invaluable que debemos transmitir a nuestros hijos.<\/p>\n<p><strong><span class=\"a-text-bold\">El perd\u00f3n: Una forma de resucitar en el amor<\/span><\/strong><\/p>\n<p>El perd\u00f3n es una herramienta fundamental para sanar nuestras relaciones y cultivar un amor verdadero. Perdonar es una forma de resucitar en el amor, de encarnar el Esp\u00edritu Santo y compartir la creaci\u00f3n del amor.<\/p>\n<p><strong><span class=\"a-text-bold\">El milagro del amor<\/span><\/strong><\/p>\n<p>El amor es un milagro que se manifiesta constantemente en nuestras vidas. Este arreglo de 40 flores te invita a abrir tu coraz\u00f3n a este milagro, a descubrirlo en lo cotidiano y a cultivarlo con dedicaci\u00f3n.<\/p>\n<p><strong><span class=\"a-text-bold\">Un regalo para tu destino matrimonial<\/span><\/strong><\/p>\n<p>&#8220;El Milagro del Amor&#8221; es un regalo invaluable que puedes ofrecer a tu destino matrimonial. Es una invitaci\u00f3n a escribir un cap\u00edtulo inolvidable en la historia de tu amor, de la mano de Dios, plasmando un milagro de amor verdadero.<\/p>\n<p><strong><span class=\"a-text-bold\">Un mensaje de esperanza para todas las parejas<\/span><\/strong><\/p>\n<p>Este libro es una fuente de esperanza y gu\u00eda para todas las parejas que buscan fortalecer su relaci\u00f3n y cultivar un amor profundo y duradero. A trav\u00e9s de las inspiradoras reflexiones y pr\u00e1cticas del autor, puedes embarcarte en un viaje transformador hacia el amor verdadero.<\/p>\n<p><strong><span class=\"a-text-bold\">Para m\u00e1s informaci\u00f3n:<\/span><\/strong><\/p>\n<p>Juan Manuel D\u2019Acosta L\u00f3pez<br \/>\nConsejero en Misi\u00f3n de Amor<br \/>\nCel\/WhatsApp +52 734-1295-201<\/p>\n<h3 class=\"western\" lang=\"es-ES\">Resumen en video de cada d\u00eda:<\/h3>\n<p class=\"western\" lang=\"es-ES\"><a class=\"western\" href=\"https:\/\/youtube.com\/playlist?list=PL3BUD8U8pjQMa3TieOwPuEz7Hx3WdGi6t&amp;si=tyqkQHsnMhKtWzME\">www.youtube.com\/@oratoriomisiondeamor<\/a><\/p>\n<p>&nbsp;<\/p>\n<ul class=\"a-unordered-list a-vertical\">\n<li><span class=\"a-list-item\">Sitio web: misiondeamor.com.mx<\/span><\/li>\n<li><span class=\"a-list-item\">Redes sociales:<\/span>\n<ul class=\"a-unordered-list a-vertical\">\n<li><span class=\"a-list-item\">Facebook: @misiondeamormx<\/span><\/li>\n<li><span class=\"a-list-item\">Twitter: @misiondeamormx<\/span><\/li>\n<li><span class=\"a-list-item\">YouTube: @mision-de-amor<\/span><\/li>\n<li><span class=\"a-list-item\">Pinterest: @misiondeamormx<\/span><\/li>\n<li><span class=\"a-list-item\">Instagram: @misiondeamormx<\/span><\/li>\n<\/ul>\n<\/li>\n<\/ul>\n<p><span class=\"a-text-bold\">Correo electr\u00f3nico:<\/span>\u00a0juanmanuel@misiondeamor.com.mx<\/p>\n","protected":false},"excerpt":{"rendered":"<p class=\"western\"><strong><b>40 tareas, del consejero cat\u00f3lico Juan Manuel D&#8217;Acosta, <\/b><\/strong><strong><b>que hacen florecer tu relaci\u00f3n de pareja.<\/b><\/strong><\/p>\n<p>PDF 485 P\u00e1ginas<\/p>\n","protected":false},"featured_media":9311,"comment_status":"open","ping_status":"closed","template":"","meta":{"om_disable_all_campaigns":false,"_monsterinsights_skip_tracking":false,"_monsterinsights_sitenote_active":false,"_monsterinsights_sitenote_note":"","_monsterinsights_sitenote_category":0,"_uf_show_specific_survey":0,"_uf_disable_surveys":false},"product_brand":[],"product_cat":[94,71,44,405,79],"product_tag":[455,139,466,454,457,468,459,469,470,52,452,453,461,464,396,471,465,456,395,37,460,462,463,458,467],"class_list":{"0":"post-9309","1":"product","2":"type-product","3":"status-publish","4":"has-post-thumbnail","6":"product_cat-consultorio","7":"product_cat-taller-curso","8":"product_cat-libro-digital","9":"product_cat-pdf","10":"product_cat-pareja","11":"product_tag-acciones-concretas","12":"product_tag-amor","13":"product_tag-amor-de-dios","14":"product_tag-amor-profundo","15":"product_tag-amor-verdadero","16":"product_tag-compromiso","17":"product_tag-desafio","18":"product_tag-entrega-total","19":"product_tag-esperanza","20":"product_tag-publiaciones-espiritualidad","21":"product_tag-fe","22":"product_tag-fortalecer","23":"product_tag-historia-de-amor","24":"product_tag-juntos","25":"product_tag-matrimonio","26":"product_tag-mensaje-inspirador","27":"product_tag-milagro","28":"product_tag-nutrir","29":"product_tag-pareja","30":"product_tag-grabaciones-perdon","31":"product_tag-renovar-la-relacion","32":"product_tag-sanacion","33":"product_tag-superar-obstaculos","34":"product_tag-transformacion","35":"product_tag-vida-cotidiana","37":"first","38":"instock","39":"sale","40":"downloadable","41":"virtual","42":"sold-individually","43":"purchasable","44":"product-type-simple"},"wppr_data":{"cwp_meta_box_check":"No"},"yoast_head":"<!-- This site is optimized with the Yoast SEO plugin v26.1.1 - https:\/\/yoast.com\/wordpress\/plugins\/seo\/ -->\n<title>El Milagro del Amor: 40 tareas que hacen florecer tu relaci\u00f3n de pareja - Tienda en Mision de Amor<\/title>\n<meta name=\"description\" content=\"Este libro es una fuente de esperanza y gu\u00eda para quienes buscan fortalecer su relaci\u00f3n de pareja y cultivar un amor profundo y duradero.\" \/>\n<meta name=\"robots\" content=\"index, follow, max-snippet:-1, max-image-preview:large, max-video-preview:-1\" \/>\n<link rel=\"canonical\" href=\"https:\/\/misiondeamor.com.mx\/tienda\/producto\/el-milagro-del-amor\/\" \/>\n<meta property=\"og:locale\" content=\"es_ES\" \/>\n<meta property=\"og:type\" content=\"article\" \/>\n<meta property=\"og:title\" content=\"El Milagro del Amor: 40 tareas que hacen florecer tu relaci\u00f3n de pareja - Tienda en Mision de Amor\" \/>\n<meta property=\"og:description\" content=\"Este libro es una fuente de esperanza y gu\u00eda para quienes buscan fortalecer su relaci\u00f3n de pareja y cultivar un amor profundo y duradero.\" \/>\n<meta property=\"og:url\" content=\"https:\/\/misiondeamor.com.mx\/tienda\/producto\/el-milagro-del-amor\/\" \/>\n<meta property=\"og:site_name\" content=\"Tienda en Mision de Amor\" \/>\n<meta property=\"article:publisher\" content=\"https:\/\/www.facebook.com\/tiendademision\" \/>\n<meta property=\"article:modified_time\" content=\"2024-05-25T06:38:54+00:00\" \/>\n<meta property=\"og:image\" content=\"https:\/\/misiondeamor.com.mx\/tienda\/wp-content\/uploads\/2024\/05\/anuncio-Libro-El-Milagro-del-Amor.png\" \/>\n\t<meta property=\"og:image:width\" content=\"1080\" \/>\n\t<meta property=\"og:image:height\" content=\"1080\" \/>\n\t<meta property=\"og:image:type\" content=\"image\/png\" \/>\n<meta name=\"twitter:card\" content=\"summary_large_image\" \/>\n<meta name=\"twitter:site\" content=\"@misiondeamormx2\" \/>\n<meta name=\"twitter:label1\" content=\"Tiempo de lectura\" \/>\n\t<meta name=\"twitter:data1\" content=\"3 minutos\" \/>\n<!-- \/ Yoast SEO plugin. -->","yoast_head_json":{"title":"El Milagro del Amor: 40 tareas que hacen florecer tu relaci\u00f3n de pareja - Tienda en Mision de Amor","description":"Este libro es una fuente de esperanza y gu\u00eda para quienes buscan fortalecer su relaci\u00f3n de pareja y cultivar un amor profundo y duradero.","robots":{"index":"index","follow":"follow","max-snippet":"max-snippet:-1","max-image-preview":"max-image-preview:large","max-video-preview":"max-video-preview:-1"},"canonical":"https:\/\/misiondeamor.com.mx\/tienda\/producto\/el-milagro-del-amor\/","og_locale":"es_ES","og_type":"article","og_title":"El Milagro del Amor: 40 tareas que hacen florecer tu relaci\u00f3n de pareja - Tienda en Mision de Amor","og_description":"Este libro es una fuente de esperanza y gu\u00eda para quienes buscan fortalecer su relaci\u00f3n de pareja y cultivar un amor profundo y duradero.","og_url":"https:\/\/misiondeamor.com.mx\/tienda\/producto\/el-milagro-del-amor\/","og_site_name":"Tienda en Mision de Amor","article_publisher":"https:\/\/www.facebook.com\/tiendademision","article_modified_time":"2024-05-25T06:38:54+00:00","og_image":[{"width":1080,"height":1080,"url":"https:\/\/misiondeamor.com.mx\/tienda\/wp-content\/uploads\/2024\/05\/anuncio-Libro-El-Milagro-del-Amor.png","type":"image\/png"}],"twitter_card":"summary_large_image","twitter_site":"@misiondeamormx2","twitter_misc":{"Tiempo de lectura":"3 minutos"},"schema":{"@context":"https:\/\/schema.org","@graph":[{"@type":"WebPage","@id":"https:\/\/misiondeamor.com.mx\/tienda\/producto\/el-milagro-del-amor\/","url":"https:\/\/misiondeamor.com.mx\/tienda\/producto\/el-milagro-del-amor\/","name":"El Milagro del Amor: 40 tareas que hacen florecer tu relaci\u00f3n de pareja - Tienda en Mision de Amor","isPartOf":{"@id":"https:\/\/misiondeamor.com.mx\/tienda\/#website"},"primaryImageOfPage":{"@id":"https:\/\/misiondeamor.com.mx\/tienda\/producto\/el-milagro-del-amor\/#primaryimage"},"image":{"@id":"https:\/\/misiondeamor.com.mx\/tienda\/producto\/el-milagro-del-amor\/#primaryimage"},"thumbnailUrl":"https:\/\/misiondeamor.com.mx\/tienda\/wp-content\/uploads\/2024\/05\/anuncio-Libro-El-Milagro-del-Amor.png","datePublished":"2024-05-24T05:51:16+00:00","dateModified":"2024-05-25T06:38:54+00:00","description":"Este libro es una fuente de esperanza y gu\u00eda para quienes buscan fortalecer su relaci\u00f3n de pareja y cultivar un amor profundo y duradero.","breadcrumb":{"@id":"https:\/\/misiondeamor.com.mx\/tienda\/producto\/el-milagro-del-amor\/#breadcrumb"},"inLanguage":"es","potentialAction":[{"@type":"ReadAction","target":["https:\/\/misiondeamor.com.mx\/tienda\/producto\/el-milagro-del-amor\/"]}]},{"@type":"ImageObject","inLanguage":"es","@id":"https:\/\/misiondeamor.com.mx\/tienda\/producto\/el-milagro-del-amor\/#primaryimage","url":"https:\/\/misiondeamor.com.mx\/tienda\/wp-content\/uploads\/2024\/05\/anuncio-Libro-El-Milagro-del-Amor.png","contentUrl":"https:\/\/misiondeamor.com.mx\/tienda\/wp-content\/uploads\/2024\/05\/anuncio-Libro-El-Milagro-del-Amor.png","width":1080,"height":1080},{"@type":"BreadcrumbList","@id":"https:\/\/misiondeamor.com.mx\/tienda\/producto\/el-milagro-del-amor\/#breadcrumb","itemListElement":[{"@type":"ListItem","position":1,"name":"Portada","item":"https:\/\/misiondeamor.com.mx\/tienda\/"},{"@type":"ListItem","position":2,"name":"Publicaciones","item":"https:\/\/misiondeamor.com.mx\/tienda\/"},{"@type":"ListItem","position":3,"name":"El Milagro del Amor: 40 tareas que hacen florecer tu relaci\u00f3n de pareja"}]},{"@type":"WebSite","@id":"https:\/\/misiondeamor.com.mx\/tienda\/#website","url":"https:\/\/misiondeamor.com.mx\/tienda\/","name":"Tienda en Mision de Amor","description":"Productos y servicios en Misi\u00f3n de Amor","publisher":{"@id":"https:\/\/misiondeamor.com.mx\/tienda\/#organization"},"potentialAction":[{"@type":"SearchAction","target":{"@type":"EntryPoint","urlTemplate":"https:\/\/misiondeamor.com.mx\/tienda\/?s={search_term_string}"},"query-input":{"@type":"PropertyValueSpecification","valueRequired":true,"valueName":"search_term_string"}}],"inLanguage":"es"},{"@type":"Organization","@id":"https:\/\/misiondeamor.com.mx\/tienda\/#organization","name":"Misi\u00f3n de Amor","url":"https:\/\/misiondeamor.com.mx\/tienda\/","logo":{"@type":"ImageObject","inLanguage":"es","@id":"https:\/\/misiondeamor.com.mx\/tienda\/#\/schema\/logo\/image\/","url":"https:\/\/misiondeamor.com.mx\/tienda\/wp-content\/uploads\/2019\/08\/logotienda2019-e1566319984887.png","contentUrl":"https:\/\/misiondeamor.com.mx\/tienda\/wp-content\/uploads\/2019\/08\/logotienda2019-e1566319984887.png","width":150,"height":150,"caption":"Misi\u00f3n de Amor"},"image":{"@id":"https:\/\/misiondeamor.com.mx\/tienda\/#\/schema\/logo\/image\/"},"sameAs":["https:\/\/www.facebook.com\/tiendademision","https:\/\/x.com\/misiondeamormx2","https:\/\/www.youtube.com\/misiondeamormx"]}]}},"amp_enabled":true,"_links":{"self":[{"href":"https:\/\/misiondeamor.com.mx\/tienda\/wp-json\/wp\/v2\/product\/9309","targetHints":{"allow":["GET"]}}],"collection":[{"href":"https:\/\/misiondeamor.com.mx\/tienda\/wp-json\/wp\/v2\/product"}],"about":[{"href":"https:\/\/misiondeamor.com.mx\/tienda\/wp-json\/wp\/v2\/types\/product"}],"replies":[{"embeddable":true,"href":"https:\/\/misiondeamor.com.mx\/tienda\/wp-json\/wp\/v2\/comments?post=9309"}],"wp:featuredmedia":[{"embeddable":true,"href":"https:\/\/misiondeamor.com.mx\/tienda\/wp-json\/wp\/v2\/media\/9311"}],"wp:attachment":[{"href":"https:\/\/misiondeamor.com.mx\/tienda\/wp-json\/wp\/v2\/media?parent=9309"}],"wp:term":[{"taxonomy":"product_brand","embeddable":true,"href":"https:\/\/misiondeamor.com.mx\/tienda\/wp-json\/wp\/v2\/product_brand?post=9309"},{"taxonomy":"product_cat","embeddable":true,"href":"https:\/\/misiondeamor.com.mx\/tienda\/wp-json\/wp\/v2\/product_cat?post=9309"},{"taxonomy":"product_tag","embeddable":true,"href":"https:\/\/misiondeamor.com.mx\/tienda\/wp-json\/wp\/v2\/product_tag?post=9309"}],"curies":[{"name":"wp","href":"https:\/\/api.w.org\/{rel}","templated":true}]}}