{"id":9312,"date":"2024-05-24T01:17:06","date_gmt":"2024-05-24T06:17:06","guid":{"rendered":"https:\/\/misiondeamor.com.mx\/tienda\/?post_type=product&#038;p=9312"},"modified":"2024-05-25T02:18:11","modified_gmt":"2024-05-25T07:18:11","slug":"9312","status":"publish","type":"product","link":"https:\/\/misiondeamor.com.mx\/tienda\/producto\/9312\/","title":{"rendered":"El Milagro del Amor: para florecer tu Relaci\u00f3n de Pareja"},"content":{"rendered":"<p><b>Un viaje de 40 d\u00edas hacia un amor m\u00e1s profundo<\/b><\/p>\n<p>&#8220;El Milagro del Amor&#8221;, del consejero Juan Manuel D&#8217;Acosta L\u00f3pez, te invita a un viaje espiritual de 40 d\u00edas para fortalecer tu relaci\u00f3n de pareja. A trav\u00e9s de un arreglo de 40 flores, cada d\u00eda cultivar\u00e1s una tarea espec\u00edfica para nutrir el amor en tu noviazgo y en tu matrimonio.<\/p>\n<p><b>Descubriendo el amor en lo cotidiano<\/b><\/p>\n<p>El libro te ayuda a reconocer la presencia del amor de Dios en tu vida diaria, record\u00e1ndote que este milagro est\u00e1 siempre presente, aunque a veces lo pasamos por alto. Este arreglo floral te invita a abrir tus ojos a la expresi\u00f3n del amor divino en lo cotidiano.<\/p>\n<div class=\"_3d-flip-book  fb3d-fullscreen-mode full-size\" data-id=\"9322\" data-mode=\"fullscreen\" data-title=\"false\" data-template=\"short-white-book-view\" data-lightbox=\"dark-shadow\" data-urlparam=\"fb3d-page\" data-page-n=\"0\" data-pdf=\"\" data-tax=\"null\" data-thumbnail=\"\" data-cols=\"3\" data-book-template=\"default\" data-trigger=\"\"><\/div><script type=\"text\/javascript\">window.FB3D_CLIENT_DATA = window.FB3D_CLIENT_DATA || [];FB3D_CLIENT_DATA.push('eyJwb3N0cyI6eyI5MzIyIjp7IklEIjo5MzIyLCJ0aXRsZSI6IkVsIE1pbGFncm8gZGVsIEFtb3I6IHBhcmEgZmxvcmVjZXIgdHUgUmVsYWNpXHUwMGYzbiBkZSBQYXJlamEiLCJ0eXBlIjoicGRmIiwicmVhZHlfZnVuY3Rpb24iOiIiLCJib29rX3N0eWxlIjoidm9sdW1lIiwiYm9va190ZW1wbGF0ZSI6Im5vbmUiLCJvdXRsaW5lIjpbXSwiZGF0YSI6eyJwb3N0X0lEIjoiOTMyMyIsImd1aWQiOiJodHRwczpcL1wvbWlzaW9uZGVhbW9yLmNvbS5teFwvdGllbmRhXC93cC1jb250ZW50XC91cGxvYWRzXC8yMDI0XC8wNVwvTGlicm8tZmxvcmVzLWRlbC1BbW9yLWRlbW8ucGRmIiwicGRmX3BhZ2VzIjoiMzUiLCJwYWdlc19jdXN0b21pemF0aW9uIjoibm9uZSJ9LCJ0aHVtYm5haWwiOnsiZGF0YSI6eyJwb3N0X0lEIjoiOTMxMyJ9LCJ0eXBlIjoibWVkaWFJbWFnZSJ9LCJwcm9wcyI6eyJiYWNrZ3JvdW5kQ29sb3IiOiJhdXRvIiwiYmFja2dyb3VuZEltYWdlIjoiYXV0byIsImJhY2tncm91bmRTdHlsZSI6ImF1dG8iLCJoaWdobGlnaHRMaW5rcyI6ImF1dG8iLCJsaWdodGluZyI6ImF1dG8iLCJjYWNoZWRQYWdlcyI6ImF1dG8iLCJyZW5kZXJJbmFjdGl2ZVBhZ2VzIjoiYXV0byIsInJlbmRlckluYWN0aXZlUGFnZXNPbk1vYmlsZSI6ImF1dG8iLCJyZW5kZXJXaGlsZUZsaXBwaW5nIjoiYXV0byIsInByZWxvYWRQYWdlcyI6ImF1dG8iLCJhdXRvUGxheUR1cmF0aW9uIjoiYXV0byIsInJ0bCI6ImF1dG8iLCJpbnRlcmFjdGl2ZUNvcm5lcnMiOiJhdXRvIiwibWF4RGVwdGgiOiJhdXRvIiwic2hlZXQiOnsic3RhcnRWZWxvY2l0eSI6ImF1dG8iLCJ3YXZlIjoiYXV0byIsInNoYXBlIjoiYXV0byIsIndpZHRoVGV4ZWxzIjoiYXV0byIsImNvbG9yIjoiYXV0byIsInNpZGUiOiJhdXRvIiwiY29ybmVyRGV2aWF0aW9uIjoiYXV0byIsImZsZXhpYmlsaXR5IjoiYXV0byIsImZsZXhpYmxlQ29ybmVyIjoiYXV0byIsImJlbmRpbmciOiJhdXRvIiwiaGVpZ2h0VGV4ZWxzIjoiYXV0byJ9LCJjb3ZlciI6eyJ3YXZlIjoiYXV0byIsImNvbG9yIjoiYXV0byIsInNpZGUiOiJhdXRvIiwiYmluZGVyVGV4dHVyZSI6ImF1dG8iLCJkZXB0aCI6ImF1dG8iLCJwYWRkaW5nIjoiYXV0byIsInN0YXJ0VmVsb2NpdHkiOiJhdXRvIiwiZmxleGliaWxpdHkiOiJhdXRvIiwiZmxleGlibGVDb3JuZXIiOiJhdXRvIiwiYmVuZGluZyI6ImF1dG8iLCJ3aWR0aFRleGVscyI6ImF1dG8iLCJoZWlnaHRUZXhlbHMiOiJhdXRvIiwibWFzcyI6ImF1dG8iLCJzaGFwZSI6ImF1dG8ifSwicGFnZSI6eyJ3YXZlIjoiYXV0byIsImNvbG9yIjoiYXV0byIsInNpZGUiOiJhdXRvIiwiZGVwdGgiOiJhdXRvIiwic3RhcnRWZWxvY2l0eSI6ImF1dG8iLCJmbGV4aWJpbGl0eSI6ImF1dG8iLCJmbGV4aWJsZUNvcm5lciI6ImF1dG8iLCJiZW5kaW5nIjoiYXV0byIsIndpZHRoVGV4ZWxzIjoiYXV0byIsImhlaWdodFRleGVscyI6ImF1dG8iLCJtYXNzIjoiYXV0byIsInNoYXBlIjoiYXV0byJ9LCJoZWlnaHQiOiJhdXRvIiwid2lkdGgiOiJhdXRvIiwiZ3Jhdml0eSI6ImF1dG8iLCJwYWdlc0ZvclByZWRpY3RpbmciOiJhdXRvIn0sImNvbnRyb2xQcm9wcyI6eyJhY3Rpb25zIjp7ImNtZFRvYyI6eyJlbmFibGVkIjoiYXV0byIsImVuYWJsZWRJbk5hcnJvdyI6ImF1dG8iLCJhY3RpdmUiOiJhdXRvIiwiZGVmYXVsdFRhYiI6ImF1dG8ifSwiY21kQXV0b1BsYXkiOnsiZW5hYmxlZCI6ImF1dG8iLCJlbmFibGVkSW5OYXJyb3ciOiJhdXRvIiwiYWN0aXZlIjoiYXV0byJ9LCJjbWRTYXZlIjp7ImVuYWJsZWQiOiJhdXRvIiwiZW5hYmxlZEluTmFycm93IjoiYXV0byJ9LCJjbWRQcmludCI6eyJlbmFibGVkIjoiYXV0byIsImVuYWJsZWRJbk5hcnJvdyI6ImF1dG8ifSwiY21kU2luZ2xlUGFnZSI6eyJlbmFibGVkIjoiYXV0byIsImVuYWJsZWRJbk5hcnJvdyI6ImF1dG8iLCJhY3RpdmUiOiJhdXRvIiwiYWN0aXZlRm9yTW9iaWxlIjoiYXV0byJ9LCJ3aWRUb29sYmFyIjp7ImVuYWJsZWQiOiJhdXRvIiwiZW5hYmxlZEluTmFycm93IjoiYXV0byJ9fX0sImF1dG9UaHVtYm5haWwiOm51bGwsInBvc3RfbmFtZSI6ImVsLW1pbGFncm8tZGVsLWFtb3ItcGFyYS1mbG9yZWNlci10dS1yZWxhY2lvbi1kZS1wYXJlamEiLCJwb3N0X3R5cGUiOiIzZC1mbGlwLWJvb2sifX0sInBhZ2VzIjpbXSwiZmlyc3RQYWdlcyI6W119');window.FB3D_CLIENT_LOCALE && FB3D_CLIENT_LOCALE.render && FB3D_CLIENT_LOCALE.render();<\/script>\n","protected":false},"excerpt":{"rendered":"<p>Libro Impreso con portada en pasta blanda o dura.<br \/>\nEnv\u00edo a tu casa desde Amazon Internacional<\/p>\n","protected":false},"featured_media":9313,"comment_status":"open","ping_status":"closed","template":"","meta":{"om_disable_all_campaigns":false,"_monsterinsights_skip_tracking":false,"_monsterinsights_sitenote_active":false,"_monsterinsights_sitenote_note":"","_monsterinsights_sitenote_category":0,"_uf_show_specific_survey":0,"_uf_disable_surveys":false},"product_brand":[],"product_cat":[94,71,406,44,79],"product_tag":[455,139,466,454,457,468,459,469,470,52,452,453,461,464,396,471,465,456,395,37,460,462,463,458,467],"class_list":{"0":"post-9312","1":"product","2":"type-product","3":"status-publish","4":"has-post-thumbnail","6":"product_cat-consultorio","7":"product_cat-taller-curso","8":"product_cat-impreso","9":"product_cat-libro-digital","10":"product_cat-pareja","11":"product_tag-acciones-concretas","12":"product_tag-amor","13":"product_tag-amor-de-dios","14":"product_tag-amor-profundo","15":"product_tag-amor-verdadero","16":"product_tag-compromiso","17":"product_tag-desafio","18":"product_tag-entrega-total","19":"product_tag-esperanza","20":"product_tag-publiaciones-espiritualidad","21":"product_tag-fe","22":"product_tag-fortalecer","23":"product_tag-historia-de-amor","24":"product_tag-juntos","25":"product_tag-matrimonio","26":"product_tag-mensaje-inspirador","27":"product_tag-milagro","28":"product_tag-nutrir","29":"product_tag-pareja","30":"product_tag-grabaciones-perdon","31":"product_tag-renovar-la-relacion","32":"product_tag-sanacion","33":"product_tag-superar-obstaculos","34":"product_tag-transformacion","35":"product_tag-vida-cotidiana","37":"first","38":"instock","39":"shipping-taxable","40":"product-type-external"},"wppr_data":{"cwp_meta_box_check":"No"},"yoast_head":"<!-- This site is optimized with the Yoast SEO plugin v26.1.1 - https:\/\/yoast.com\/wordpress\/plugins\/seo\/ -->\n<title>El Milagro del Amor: para florecer tu Relaci\u00f3n de Pareja - Tienda en Mision de Amor<\/title>\n<meta name=\"description\" content=\"&quot;El Milagro del Amor&quot;, libro del consejero Juan Manuel D&#039;Acosta. Cada d\u00eda una tarea para florecer el amor en tu Relaci\u00f3n de Pareja, noviazgo o matrimonio.\" \/>\n<meta name=\"robots\" content=\"index, follow, max-snippet:-1, max-image-preview:large, max-video-preview:-1\" \/>\n<link rel=\"canonical\" href=\"https:\/\/misiondeamor.com.mx\/tienda\/producto\/9312\/\" \/>\n<meta property=\"og:locale\" content=\"es_ES\" \/>\n<meta property=\"og:type\" content=\"article\" \/>\n<meta property=\"og:title\" content=\"El Milagro del Amor: para florecer tu Relaci\u00f3n de Pareja - Tienda en Mision de Amor\" \/>\n<meta property=\"og:description\" content=\"&quot;El Milagro del Amor&quot;, libro del consejero Juan Manuel D&#039;Acosta. Cada d\u00eda una tarea para florecer el amor en tu Relaci\u00f3n de Pareja, noviazgo o matrimonio.\" \/>\n<meta property=\"og:url\" content=\"https:\/\/misiondeamor.com.mx\/tienda\/producto\/9312\/\" \/>\n<meta property=\"og:site_name\" content=\"Tienda en Mision de Amor\" \/>\n<meta property=\"article:publisher\" content=\"https:\/\/www.facebook.com\/tiendademision\" \/>\n<meta property=\"article:modified_time\" content=\"2024-05-25T07:18:11+00:00\" \/>\n<meta property=\"og:image\" content=\"https:\/\/misiondeamor.com.mx\/tienda\/wp-content\/uploads\/2024\/05\/Libro-El-Milagro-del-Amor-e1716621278301.png\" \/>\n\t<meta property=\"og:image:width\" content=\"360\" \/>\n\t<meta property=\"og:image:height\" content=\"573\" \/>\n\t<meta property=\"og:image:type\" content=\"image\/png\" \/>\n<meta name=\"twitter:card\" content=\"summary_large_image\" \/>\n<meta name=\"twitter:site\" content=\"@misiondeamormx2\" \/>\n<meta name=\"twitter:label1\" content=\"Tiempo de lectura\" \/>\n\t<meta name=\"twitter:data1\" content=\"1 minuto\" \/>\n<!-- \/ Yoast SEO plugin. -->","yoast_head_json":{"title":"El Milagro del Amor: para florecer tu Relaci\u00f3n de Pareja - Tienda en Mision de Amor","description":"\"El Milagro del Amor\", libro del consejero Juan Manuel D'Acosta. Cada d\u00eda una tarea para florecer el amor en tu Relaci\u00f3n de Pareja, noviazgo o matrimonio.","robots":{"index":"index","follow":"follow","max-snippet":"max-snippet:-1","max-image-preview":"max-image-preview:large","max-video-preview":"max-video-preview:-1"},"canonical":"https:\/\/misiondeamor.com.mx\/tienda\/producto\/9312\/","og_locale":"es_ES","og_type":"article","og_title":"El Milagro del Amor: para florecer tu Relaci\u00f3n de Pareja - Tienda en Mision de Amor","og_description":"\"El Milagro del Amor\", libro del consejero Juan Manuel D'Acosta. Cada d\u00eda una tarea para florecer el amor en tu Relaci\u00f3n de Pareja, noviazgo o matrimonio.","og_url":"https:\/\/misiondeamor.com.mx\/tienda\/producto\/9312\/","og_site_name":"Tienda en Mision de Amor","article_publisher":"https:\/\/www.facebook.com\/tiendademision","article_modified_time":"2024-05-25T07:18:11+00:00","og_image":[{"width":360,"height":573,"url":"https:\/\/misiondeamor.com.mx\/tienda\/wp-content\/uploads\/2024\/05\/Libro-El-Milagro-del-Amor-e1716621278301.png","type":"image\/png"}],"twitter_card":"summary_large_image","twitter_site":"@misiondeamormx2","twitter_misc":{"Tiempo de lectura":"1 minuto"},"schema":{"@context":"https:\/\/schema.org","@graph":[{"@type":"WebPage","@id":"https:\/\/misiondeamor.com.mx\/tienda\/producto\/9312\/","url":"https:\/\/misiondeamor.com.mx\/tienda\/producto\/9312\/","name":"El Milagro del Amor: para florecer tu Relaci\u00f3n de Pareja - Tienda en Mision de Amor","isPartOf":{"@id":"https:\/\/misiondeamor.com.mx\/tienda\/#website"},"primaryImageOfPage":{"@id":"https:\/\/misiondeamor.com.mx\/tienda\/producto\/9312\/#primaryimage"},"image":{"@id":"https:\/\/misiondeamor.com.mx\/tienda\/producto\/9312\/#primaryimage"},"thumbnailUrl":"https:\/\/misiondeamor.com.mx\/tienda\/wp-content\/uploads\/2024\/05\/Libro-El-Milagro-del-Amor-e1716621278301.png","datePublished":"2024-05-24T06:17:06+00:00","dateModified":"2024-05-25T07:18:11+00:00","description":"\"El Milagro del Amor\", libro del consejero Juan Manuel D'Acosta. Cada d\u00eda una tarea para florecer el amor en tu Relaci\u00f3n de Pareja, noviazgo o matrimonio.","breadcrumb":{"@id":"https:\/\/misiondeamor.com.mx\/tienda\/producto\/9312\/#breadcrumb"},"inLanguage":"es","potentialAction":[{"@type":"ReadAction","target":["https:\/\/misiondeamor.com.mx\/tienda\/producto\/9312\/"]}]},{"@type":"ImageObject","inLanguage":"es","@id":"https:\/\/misiondeamor.com.mx\/tienda\/producto\/9312\/#primaryimage","url":"https:\/\/misiondeamor.com.mx\/tienda\/wp-content\/uploads\/2024\/05\/Libro-El-Milagro-del-Amor-e1716621278301.png","contentUrl":"https:\/\/misiondeamor.com.mx\/tienda\/wp-content\/uploads\/2024\/05\/Libro-El-Milagro-del-Amor-e1716621278301.png","width":360,"height":573},{"@type":"BreadcrumbList","@id":"https:\/\/misiondeamor.com.mx\/tienda\/producto\/9312\/#breadcrumb","itemListElement":[{"@type":"ListItem","position":1,"name":"Portada","item":"https:\/\/misiondeamor.com.mx\/tienda\/"},{"@type":"ListItem","position":2,"name":"Publicaciones","item":"https:\/\/misiondeamor.com.mx\/tienda\/"},{"@type":"ListItem","position":3,"name":"El Milagro del Amor: para florecer tu Relaci\u00f3n de Pareja"}]},{"@type":"WebSite","@id":"https:\/\/misiondeamor.com.mx\/tienda\/#website","url":"https:\/\/misiondeamor.com.mx\/tienda\/","name":"Tienda en Mision de Amor","description":"Productos y servicios en Misi\u00f3n de Amor","publisher":{"@id":"https:\/\/misiondeamor.com.mx\/tienda\/#organization"},"potentialAction":[{"@type":"SearchAction","target":{"@type":"EntryPoint","urlTemplate":"https:\/\/misiondeamor.com.mx\/tienda\/?s={search_term_string}"},"query-input":{"@type":"PropertyValueSpecification","valueRequired":true,"valueName":"search_term_string"}}],"inLanguage":"es"},{"@type":"Organization","@id":"https:\/\/misiondeamor.com.mx\/tienda\/#organization","name":"Misi\u00f3n de Amor","url":"https:\/\/misiondeamor.com.mx\/tienda\/","logo":{"@type":"ImageObject","inLanguage":"es","@id":"https:\/\/misiondeamor.com.mx\/tienda\/#\/schema\/logo\/image\/","url":"https:\/\/misiondeamor.com.mx\/tienda\/wp-content\/uploads\/2019\/08\/logotienda2019-e1566319984887.png","contentUrl":"https:\/\/misiondeamor.com.mx\/tienda\/wp-content\/uploads\/2019\/08\/logotienda2019-e1566319984887.png","width":150,"height":150,"caption":"Misi\u00f3n de Amor"},"image":{"@id":"https:\/\/misiondeamor.com.mx\/tienda\/#\/schema\/logo\/image\/"},"sameAs":["https:\/\/www.facebook.com\/tiendademision","https:\/\/x.com\/misiondeamormx2","https:\/\/www.youtube.com\/misiondeamormx"]}]}},"amp_enabled":true,"_links":{"self":[{"href":"https:\/\/misiondeamor.com.mx\/tienda\/wp-json\/wp\/v2\/product\/9312","targetHints":{"allow":["GET"]}}],"collection":[{"href":"https:\/\/misiondeamor.com.mx\/tienda\/wp-json\/wp\/v2\/product"}],"about":[{"href":"https:\/\/misiondeamor.com.mx\/tienda\/wp-json\/wp\/v2\/types\/product"}],"replies":[{"embeddable":true,"href":"https:\/\/misiondeamor.com.mx\/tienda\/wp-json\/wp\/v2\/comments?post=9312"}],"wp:featuredmedia":[{"embeddable":true,"href":"https:\/\/misiondeamor.com.mx\/tienda\/wp-json\/wp\/v2\/media\/9313"}],"wp:attachment":[{"href":"https:\/\/misiondeamor.com.mx\/tienda\/wp-json\/wp\/v2\/media?parent=9312"}],"wp:term":[{"taxonomy":"product_brand","embeddable":true,"href":"https:\/\/misiondeamor.com.mx\/tienda\/wp-json\/wp\/v2\/product_brand?post=9312"},{"taxonomy":"product_cat","embeddable":true,"href":"https:\/\/misiondeamor.com.mx\/tienda\/wp-json\/wp\/v2\/product_cat?post=9312"},{"taxonomy":"product_tag","embeddable":true,"href":"https:\/\/misiondeamor.com.mx\/tienda\/wp-json\/wp\/v2\/product_tag?post=9312"}],"curies":[{"name":"wp","href":"https:\/\/api.w.org\/{rel}","templated":true}]}}